{"id":15105,"date":"2021-09-29T15:46:08","date_gmt":"2021-10-01T07:35:32","guid":{"rendered":"https:\/\/sundar.be\/product\/extreme-glossgo\/"},"modified":"2025-06-11T18:11:40","modified_gmt":"2025-06-11T16:11:40","slug":"extreme-glossgo-fr","status":"publish","type":"product","link":"https:\/\/sundar.be\/fr\/produit\/extreme-glossgo-fr\/","title":{"rendered":"Extreme gloss&amp;go, 10ml"},"content":{"rendered":"<p>Un scellant r\u00e9sistant aux rayures et \u00e0 haute brillance dans une bouteille avec un pinceau int\u00e9gr\u00e9 pour une application facile. <\/p>\n","protected":false},"excerpt":{"rendered":"<p>Un scellant r\u00e9sistant aux rayures et \u00e0 haute brillance dans une bouteille avec un pinceau int\u00e9gr\u00e9 pour une application facile. A n\u2019utiliser qu\u2019en combinaison avec une pr\u00e9paration compl\u00e8te pour ongles, sans couche de dispersion. <\/p>\n","protected":false},"featured_media":10977,"comment_status":"closed","ping_status":"closed","template":"","meta":{"_acf_changed":false},"product_brand":[],"product_cat":[4951,4936,4949,4964],"product_tag":[2715],"class_list":{"0":"post-15105","1":"product","2":"type-product","3":"status-publish","4":"has-post-thumbnail","6":"product_cat-lcn-ongles-artificiels-gels-uv-premium","7":"product_cat-lcn-fr","8":"product_cat-lcn-ongles-artificiels","9":"product_cat-lcn-ongles-artificiels-gels-uv-premium-scellement","10":"product_tag-lcn-fr","11":"pa_inhoud-10-ml-fr","12":"pa_inhoud-3-ml-fr","14":"first","15":"instock","16":"taxable","17":"shipping-taxable","18":"product-type-simple"},"acf":[],"_links":{"self":[{"href":"https:\/\/sundar.be\/fr\/wp-json\/wp\/v2\/product\/15105","targetHints":{"allow":["GET"]}}],"collection":[{"href":"https:\/\/sundar.be\/fr\/wp-json\/wp\/v2\/product"}],"about":[{"href":"https:\/\/sundar.be\/fr\/wp-json\/wp\/v2\/types\/product"}],"replies":[{"embeddable":true,"href":"https:\/\/sundar.be\/fr\/wp-json\/wp\/v2\/comments?post=15105"}],"wp:featuredmedia":[{"embeddable":true,"href":"https:\/\/sundar.be\/fr\/wp-json\/wp\/v2\/media\/10977"}],"wp:attachment":[{"href":"https:\/\/sundar.be\/fr\/wp-json\/wp\/v2\/media?parent=15105"}],"wp:term":[{"taxonomy":"product_brand","embeddable":true,"href":"https:\/\/sundar.be\/fr\/wp-json\/wp\/v2\/product_brand?post=15105"},{"taxonomy":"product_cat","embeddable":true,"href":"https:\/\/sundar.be\/fr\/wp-json\/wp\/v2\/product_cat?post=15105"},{"taxonomy":"product_tag","embeddable":true,"href":"https:\/\/sundar.be\/fr\/wp-json\/wp\/v2\/product_tag?post=15105"}],"curies":[{"name":"wp","href":"https:\/\/api.w.org\/{rel}","templated":true}]}}