{"id":15098,"date":"2021-09-29T15:46:08","date_gmt":"2021-09-29T13:46:08","guid":{"rendered":"https:\/\/sundar.be\/product\/high-shine-sealer\/"},"modified":"2025-11-25T16:25:38","modified_gmt":"2025-11-25T15:25:38","slug":"high-shine-sealer","status":"publish","type":"product","link":"https:\/\/sundar.be\/fr\/produit\/high-shine-sealer\/","title":{"rendered":"LCN High Shine Sealer, 10ml"},"content":{"rendered":"<p>Ce produit d\u2019\u00e9tanch\u00e9it\u00e9 avec protection des couleurs et des UV convainc par sa brillance miroir, sa surface r\u00e9sistante aux rayures et sa parfaite durabilit\u00e9. D\u00e9velopp\u00e9 avec une nouvelle formule de brillance longue dur\u00e9e pour des r\u00e9sultats de couleur encore plus durables. <\/p>\n<p>&nbsp;<\/p>\n","protected":false},"excerpt":{"rendered":"<p>Ce produit d\u2019\u00e9tanch\u00e9it\u00e9 avec protection des couleurs et des UV convainc par sa brillance miroir, sa surface r\u00e9sistante aux rayures et sa parfaite durabilit\u00e9.<\/p>\n","protected":false},"featured_media":15103,"comment_status":"closed","ping_status":"closed","template":"","meta":{"_acf_changed":false},"product_brand":[],"product_cat":[4951,4936,4949,4964],"product_tag":[2715],"class_list":{"0":"post-15098","1":"product","2":"type-product","3":"status-publish","4":"has-post-thumbnail","6":"product_cat-lcn-ongles-artificiels-gels-uv-premium","7":"product_cat-lcn-fr","8":"product_cat-lcn-ongles-artificiels","9":"product_cat-lcn-ongles-artificiels-gels-uv-premium-scellement","10":"product_tag-lcn-fr","11":"pa_inhoud-10-ml-fr","12":"pa_inhoud-3-ml-fr","14":"first","15":"instock","16":"taxable","17":"shipping-taxable","18":"product-type-simple"},"acf":[],"_links":{"self":[{"href":"https:\/\/sundar.be\/fr\/wp-json\/wp\/v2\/product\/15098","targetHints":{"allow":["GET"]}}],"collection":[{"href":"https:\/\/sundar.be\/fr\/wp-json\/wp\/v2\/product"}],"about":[{"href":"https:\/\/sundar.be\/fr\/wp-json\/wp\/v2\/types\/product"}],"replies":[{"embeddable":true,"href":"https:\/\/sundar.be\/fr\/wp-json\/wp\/v2\/comments?post=15098"}],"wp:featuredmedia":[{"embeddable":true,"href":"https:\/\/sundar.be\/fr\/wp-json\/wp\/v2\/media\/15103"}],"wp:attachment":[{"href":"https:\/\/sundar.be\/fr\/wp-json\/wp\/v2\/media?parent=15098"}],"wp:term":[{"taxonomy":"product_brand","embeddable":true,"href":"https:\/\/sundar.be\/fr\/wp-json\/wp\/v2\/product_brand?post=15098"},{"taxonomy":"product_cat","embeddable":true,"href":"https:\/\/sundar.be\/fr\/wp-json\/wp\/v2\/product_cat?post=15098"},{"taxonomy":"product_tag","embeddable":true,"href":"https:\/\/sundar.be\/fr\/wp-json\/wp\/v2\/product_tag?post=15098"}],"curies":[{"name":"wp","href":"https:\/\/api.w.org\/{rel}","templated":true}]}}