{"id":15087,"date":"2021-09-29T15:46:08","date_gmt":"2021-09-29T13:46:08","guid":{"rendered":"https:\/\/sundar.be\/product\/sealant-extra-matt\/"},"modified":"2025-11-25T16:27:42","modified_gmt":"2025-11-25T15:27:42","slug":"sealant-extra-matt","status":"publish","type":"product","link":"https:\/\/sundar.be\/fr\/produit\/sealant-extra-matt\/","title":{"rendered":"LCN Sealant Extra Matt, 15ml"},"content":{"rendered":"<p>Le scellant le plus vendu de LCN &#8211; maintenant disponible dans un aspect extra mat ! Obtenez un look tendance dans votre studio. L&rsquo;effet ultra-mat transforme les ongles en \u0153uvres d&rsquo;art. Gel de scellement UV universel pour les nouveaux modelages et les recharges.<\/p>\n<p>\u2013 Propri\u00e9t\u00e9s de modelage : consistance l\u00e9g\u00e8rement lisse<br \/>\n\u2013 Effet : finition extra-mate<\/p>\n<p>Caract\u00e9ristiques :<br \/>\n\u2013 A utiliser uniquement en combinaison avec des ongles compl\u00e8tement construits.<br \/>\n\u2013 Sans acides<\/p>\n<p>Utilisation : appliquer g\u00e9n\u00e9reusement et sceller le bord de l&rsquo;ongle. Puis durcir, 2 minutes sous la lampe \u00e0 tube UV ou 1 minute sous la lampe LED. Essuyer la couche de dispersion avec un tampon de cellulose sec.<\/p>\n","protected":false},"excerpt":{"rendered":"<p>Le LCN Sealant permet de donner tr\u00e8s facilement \u00e0 l\u2019ongle un bel effet mat apr\u00e8s le modelage.<\/p>\n","protected":false},"featured_media":10959,"comment_status":"closed","ping_status":"closed","template":"","meta":{"_acf_changed":false},"product_brand":[],"product_cat":[4951,4936,4949,4964],"product_tag":[2715],"class_list":{"0":"post-15087","1":"product","2":"type-product","3":"status-publish","4":"has-post-thumbnail","6":"product_cat-lcn-ongles-artificiels-gels-uv-premium","7":"product_cat-lcn-fr","8":"product_cat-lcn-ongles-artificiels","9":"product_cat-lcn-ongles-artificiels-gels-uv-premium-scellement","10":"product_tag-lcn-fr","11":"pa_inhoud-10-ml-fr","12":"pa_inhoud-5-ml-fr","14":"first","15":"instock","16":"taxable","17":"shipping-taxable","18":"product-type-simple"},"acf":[],"_links":{"self":[{"href":"https:\/\/sundar.be\/fr\/wp-json\/wp\/v2\/product\/15087","targetHints":{"allow":["GET"]}}],"collection":[{"href":"https:\/\/sundar.be\/fr\/wp-json\/wp\/v2\/product"}],"about":[{"href":"https:\/\/sundar.be\/fr\/wp-json\/wp\/v2\/types\/product"}],"replies":[{"embeddable":true,"href":"https:\/\/sundar.be\/fr\/wp-json\/wp\/v2\/comments?post=15087"}],"wp:featuredmedia":[{"embeddable":true,"href":"https:\/\/sundar.be\/fr\/wp-json\/wp\/v2\/media\/10959"}],"wp:attachment":[{"href":"https:\/\/sundar.be\/fr\/wp-json\/wp\/v2\/media?parent=15087"}],"wp:term":[{"taxonomy":"product_brand","embeddable":true,"href":"https:\/\/sundar.be\/fr\/wp-json\/wp\/v2\/product_brand?post=15087"},{"taxonomy":"product_cat","embeddable":true,"href":"https:\/\/sundar.be\/fr\/wp-json\/wp\/v2\/product_cat?post=15087"},{"taxonomy":"product_tag","embeddable":true,"href":"https:\/\/sundar.be\/fr\/wp-json\/wp\/v2\/product_tag?post=15087"}],"curies":[{"name":"wp","href":"https:\/\/api.w.org\/{rel}","templated":true}]}}