{"id":15077,"date":"2021-09-29T15:46:08","date_gmt":"2021-09-29T13:46:08","guid":{"rendered":"https:\/\/sundar.be\/product\/bio-glass-gel-bond-stress-less\/"},"modified":"2025-11-25T16:30:42","modified_gmt":"2025-11-25T15:30:42","slug":"bio-glass-gel-bond-stress-less","status":"publish","type":"product","link":"https:\/\/sundar.be\/fr\/produit\/bio-glass-gel-bond-stress-less\/","title":{"rendered":"LCN Bio Glass Gel Bond \u00ab\u00a0Stress-less\u00a0\u00bb 10ml"},"content":{"rendered":"<p>Ce groupe de clients est en pleine croissance. Une mauvaise alimentation, une vie quotidienne stressante, mais aussi les nombreux produits en plastique de mauvaise qualit\u00e9 qui inondent le march\u00e9 contribuent \u00e0 l&rsquo;augmentation de ce groupe cible. En tant que marque responsable et aimant ses clients, nous voulons y r\u00e9pondre ! Notre laboratoire scientifique a donc ajout\u00e9 \u00e0 notre gamme best-seller un ingr\u00e9dient qui r\u00e9pond plus que jamais aux probl\u00e8mes de cette client\u00e8le.   <\/p>\n","protected":false},"excerpt":{"rendered":"<p>Ce groupe de clients est en pleine croissance. Une mauvaise alimentation, une vie quotidienne stressante, mais aussi les nombreux produits en plastique de mauvaise qualit\u00e9 qui inondent le march\u00e9 contribuent \u00e0 l&rsquo;augmentation de ce groupe cible. En tant que marque responsable et aimant ses clients, nous voulons y r\u00e9pondre ! Notre laboratoire scientifique a donc [&hellip;]<\/p>\n","protected":false},"featured_media":10948,"comment_status":"closed","ping_status":"closed","template":"","meta":{"_acf_changed":false},"product_brand":[],"product_cat":[6218,4951,6214,4936,4949,4962],"product_tag":[2715],"class_list":{"0":"post-15077","1":"product","2":"type-product","3":"status-publish","4":"has-post-thumbnail","6":"product_cat-lcn-ongles-artificielles-highlights-bio-glass-gel","7":"product_cat-lcn-ongles-artificiels-gels-uv-premium","8":"product_cat-lcn-ongles-artificielles-highlights","9":"product_cat-lcn-fr","10":"product_cat-lcn-ongles-artificiels","11":"product_cat-lcn-gels-uv-prof-primer","12":"product_tag-lcn-fr","13":"pa_inhoud-10-ml-fr","14":"pa_inhoud-5-ml-fr","16":"first","17":"instock","18":"taxable","19":"shipping-taxable","20":"product-type-simple"},"acf":[],"_links":{"self":[{"href":"https:\/\/sundar.be\/fr\/wp-json\/wp\/v2\/product\/15077","targetHints":{"allow":["GET"]}}],"collection":[{"href":"https:\/\/sundar.be\/fr\/wp-json\/wp\/v2\/product"}],"about":[{"href":"https:\/\/sundar.be\/fr\/wp-json\/wp\/v2\/types\/product"}],"replies":[{"embeddable":true,"href":"https:\/\/sundar.be\/fr\/wp-json\/wp\/v2\/comments?post=15077"}],"wp:featuredmedia":[{"embeddable":true,"href":"https:\/\/sundar.be\/fr\/wp-json\/wp\/v2\/media\/10948"}],"wp:attachment":[{"href":"https:\/\/sundar.be\/fr\/wp-json\/wp\/v2\/media?parent=15077"}],"wp:term":[{"taxonomy":"product_brand","embeddable":true,"href":"https:\/\/sundar.be\/fr\/wp-json\/wp\/v2\/product_brand?post=15077"},{"taxonomy":"product_cat","embeddable":true,"href":"https:\/\/sundar.be\/fr\/wp-json\/wp\/v2\/product_cat?post=15077"},{"taxonomy":"product_tag","embeddable":true,"href":"https:\/\/sundar.be\/fr\/wp-json\/wp\/v2\/product_tag?post=15077"}],"curies":[{"name":"wp","href":"https:\/\/api.w.org\/{rel}","templated":true}]}}