{"id":15072,"date":"2021-09-29T15:44:34","date_gmt":"2021-09-29T13:44:34","guid":{"rendered":"https:\/\/sundar.be\/product\/bio-bond\/"},"modified":"2025-11-25T15:33:27","modified_gmt":"2025-11-25T14:33:27","slug":"bio-bond","status":"publish","type":"product","link":"https:\/\/sundar.be\/fr\/produit\/bio-bond\/","title":{"rendered":"LCN Renfor\u00e7ateur d&rsquo;Adh\u00e9rence &#8211; Bio Bond 10ml"},"content":{"rendered":"<div>\n<p>Les renfor\u00e7ateurs d&rsquo;adh\u00e9rence LCN optimisent les propri\u00e9t\u00e9s d&rsquo;adh\u00e9rence des gels UV LCN qui ont d\u00e9j\u00e0 des propri\u00e9t\u00e9s d&rsquo;adh\u00e9rence. Les renfor\u00e7ateurs d&rsquo;adh\u00e9rence sont un \u00e9l\u00e9ment essentiel du modelage classique et doivent toujours \u00eatre appliqu\u00e9s en couche tr\u00e8s fine. Tous les renfor\u00e7ateurs d&rsquo;adh\u00e9rence LCN sont compatibles avec tous les gels UV LCN. Ces produits sont v\u00e9g\u00e9taliens.   <\/p>\n<\/div>\n<p>&nbsp;<\/p>\n","protected":false},"excerpt":{"rendered":"<p>Bio Bond n\u2019est pas seulement un agent de liaison optimal pour cr\u00e9er des ongles parfaitement form\u00e9s, mais il fournit \u00e9galement \u00e0 la plaque naturelle de l\u2019ongle des nutriments nourrissants. Cela vous permet de cr\u00e9er facilement la base parfaite pour des ongles beaux et soign\u00e9s. Bio Bond prot\u00e8ge l\u2019ongle naturel de l\u2019acide.  <\/p>\n<p>Bio Bond contient un agent de liaison organique utilis\u00e9 avec succ\u00e8s en dentisterie depuis de nombreuses ann\u00e9es. Il se lie \u00e0 la surface de l\u2019ongle naturel et offre une force d\u2019adh\u00e9rence optimale pour un modelage ult\u00e9rieur. <\/p>\n","protected":false},"featured_media":10944,"comment_status":"closed","ping_status":"closed","template":"","meta":{"_acf_changed":false},"product_brand":[],"product_cat":[6218,4951,6214,4936,4949,4962],"product_tag":[2715],"class_list":{"0":"post-15072","1":"product","2":"type-product","3":"status-publish","4":"has-post-thumbnail","6":"product_cat-lcn-ongles-artificielles-highlights-bio-glass-gel","7":"product_cat-lcn-ongles-artificiels-gels-uv-premium","8":"product_cat-lcn-ongles-artificielles-highlights","9":"product_cat-lcn-fr","10":"product_cat-lcn-ongles-artificiels","11":"product_cat-lcn-gels-uv-prof-primer","12":"product_tag-lcn-fr","13":"pa_inhoud-10-ml-fr","14":"pa_inhoud-5-ml-fr","16":"first","17":"instock","18":"taxable","19":"shipping-taxable","20":"product-type-simple"},"acf":[],"_links":{"self":[{"href":"https:\/\/sundar.be\/fr\/wp-json\/wp\/v2\/product\/15072","targetHints":{"allow":["GET"]}}],"collection":[{"href":"https:\/\/sundar.be\/fr\/wp-json\/wp\/v2\/product"}],"about":[{"href":"https:\/\/sundar.be\/fr\/wp-json\/wp\/v2\/types\/product"}],"replies":[{"embeddable":true,"href":"https:\/\/sundar.be\/fr\/wp-json\/wp\/v2\/comments?post=15072"}],"wp:featuredmedia":[{"embeddable":true,"href":"https:\/\/sundar.be\/fr\/wp-json\/wp\/v2\/media\/10944"}],"wp:attachment":[{"href":"https:\/\/sundar.be\/fr\/wp-json\/wp\/v2\/media?parent=15072"}],"wp:term":[{"taxonomy":"product_brand","embeddable":true,"href":"https:\/\/sundar.be\/fr\/wp-json\/wp\/v2\/product_brand?post=15072"},{"taxonomy":"product_cat","embeddable":true,"href":"https:\/\/sundar.be\/fr\/wp-json\/wp\/v2\/product_cat?post=15072"},{"taxonomy":"product_tag","embeddable":true,"href":"https:\/\/sundar.be\/fr\/wp-json\/wp\/v2\/product_tag?post=15072"}],"curies":[{"name":"wp","href":"https:\/\/api.w.org\/{rel}","templated":true}]}}