{"id":15067,"date":"2021-09-29T15:44:34","date_gmt":"2021-09-29T13:44:34","guid":{"rendered":"https:\/\/sundar.be\/product\/ultra-bond\/"},"modified":"2025-11-25T15:30:49","modified_gmt":"2025-11-25T14:30:49","slug":"ultra-bond","status":"publish","type":"product","link":"https:\/\/sundar.be\/fr\/produit\/ultra-bond\/","title":{"rendered":"LCN Ultra Bond 10ml"},"content":{"rendered":"<p>D\u00e9couvrez Ultra Bond, la nouvelle base UV en flacon pour une adh\u00e9rence ultra-forte. Ce produit est enti\u00e8rement sans acide, adh\u00e8re parfaitement \u00e0 l&rsquo;ongle naturel et constitue la base id\u00e9ale pour la mod\u00e9lisation des ongles. <\/p>\n<p>&nbsp;<\/p>\n","protected":false},"excerpt":{"rendered":"<p>Primer sans acide dans un flacon.<\/p>\n","protected":false},"featured_media":10939,"comment_status":"closed","ping_status":"closed","template":"","meta":{"_acf_changed":false},"product_brand":[],"product_cat":[4951,4936,4949,4962],"product_tag":[2715],"class_list":{"0":"post-15067","1":"product","2":"type-product","3":"status-publish","4":"has-post-thumbnail","6":"product_cat-lcn-ongles-artificiels-gels-uv-premium","7":"product_cat-lcn-fr","8":"product_cat-lcn-ongles-artificiels","9":"product_cat-lcn-gels-uv-prof-primer","10":"product_tag-lcn-fr","11":"pa_inhoud-10-ml-fr","12":"pa_inhoud-5-ml-fr","14":"first","15":"instock","16":"taxable","17":"shipping-taxable","18":"product-type-simple"},"acf":[],"_links":{"self":[{"href":"https:\/\/sundar.be\/fr\/wp-json\/wp\/v2\/product\/15067","targetHints":{"allow":["GET"]}}],"collection":[{"href":"https:\/\/sundar.be\/fr\/wp-json\/wp\/v2\/product"}],"about":[{"href":"https:\/\/sundar.be\/fr\/wp-json\/wp\/v2\/types\/product"}],"replies":[{"embeddable":true,"href":"https:\/\/sundar.be\/fr\/wp-json\/wp\/v2\/comments?post=15067"}],"wp:featuredmedia":[{"embeddable":true,"href":"https:\/\/sundar.be\/fr\/wp-json\/wp\/v2\/media\/10939"}],"wp:attachment":[{"href":"https:\/\/sundar.be\/fr\/wp-json\/wp\/v2\/media?parent=15067"}],"wp:term":[{"taxonomy":"product_brand","embeddable":true,"href":"https:\/\/sundar.be\/fr\/wp-json\/wp\/v2\/product_brand?post=15067"},{"taxonomy":"product_cat","embeddable":true,"href":"https:\/\/sundar.be\/fr\/wp-json\/wp\/v2\/product_cat?post=15067"},{"taxonomy":"product_tag","embeddable":true,"href":"https:\/\/sundar.be\/fr\/wp-json\/wp\/v2\/product_tag?post=15067"}],"curies":[{"name":"wp","href":"https:\/\/api.w.org\/{rel}","templated":true}]}}