{"id":15062,"date":"2021-09-29T15:44:34","date_gmt":"2021-09-29T13:44:34","guid":{"rendered":"https:\/\/sundar.be\/product\/afo-bonding-gel\/"},"modified":"2025-11-25T15:30:52","modified_gmt":"2025-11-25T14:30:52","slug":"afo-bonding-gel","status":"publish","type":"product","link":"https:\/\/sundar.be\/fr\/produit\/afo-bonding-gel\/","title":{"rendered":"LCN AFO Bonding Gel 10ml"},"content":{"rendered":"<p>Un gel adh\u00e9sif aux acides pour les probl\u00e8mes extr\u00eames de lifting. Convient \u00e9galement aux clientes qui souhaitent passer des ongles en acrylique aux ongles en gel. La gamme AFO (All For One) est facile \u00e0 utiliser et convient \u00e9galement aux stylistes d\u2019ongles d\u00e9butants.  <\/p>\n<p>&nbsp;<\/p>\n","protected":false},"excerpt":{"rendered":"<p>Gel adh\u00e9sif \u00e0 base d\u2019acides pour les probl\u00e8mes de lifting extr\u00eames.<\/p>\n","protected":false},"featured_media":10934,"comment_status":"closed","ping_status":"closed","template":"","meta":{"_acf_changed":false},"product_brand":[],"product_cat":[4951,4936,4949,4962],"product_tag":[2715],"class_list":{"0":"post-15062","1":"product","2":"type-product","3":"status-publish","4":"has-post-thumbnail","6":"product_cat-lcn-ongles-artificiels-gels-uv-premium","7":"product_cat-lcn-fr","8":"product_cat-lcn-ongles-artificiels","9":"product_cat-lcn-gels-uv-prof-primer","10":"product_tag-lcn-fr","11":"pa_inhoud-10-ml-fr","12":"pa_inhoud-3-ml-fr","14":"first","15":"instock","16":"taxable","17":"shipping-taxable","18":"product-type-simple"},"acf":[],"_links":{"self":[{"href":"https:\/\/sundar.be\/fr\/wp-json\/wp\/v2\/product\/15062","targetHints":{"allow":["GET"]}}],"collection":[{"href":"https:\/\/sundar.be\/fr\/wp-json\/wp\/v2\/product"}],"about":[{"href":"https:\/\/sundar.be\/fr\/wp-json\/wp\/v2\/types\/product"}],"replies":[{"embeddable":true,"href":"https:\/\/sundar.be\/fr\/wp-json\/wp\/v2\/comments?post=15062"}],"wp:featuredmedia":[{"embeddable":true,"href":"https:\/\/sundar.be\/fr\/wp-json\/wp\/v2\/media\/10934"}],"wp:attachment":[{"href":"https:\/\/sundar.be\/fr\/wp-json\/wp\/v2\/media?parent=15062"}],"wp:term":[{"taxonomy":"product_brand","embeddable":true,"href":"https:\/\/sundar.be\/fr\/wp-json\/wp\/v2\/product_brand?post=15062"},{"taxonomy":"product_cat","embeddable":true,"href":"https:\/\/sundar.be\/fr\/wp-json\/wp\/v2\/product_cat?post=15062"},{"taxonomy":"product_tag","embeddable":true,"href":"https:\/\/sundar.be\/fr\/wp-json\/wp\/v2\/product_tag?post=15062"}],"curies":[{"name":"wp","href":"https:\/\/api.w.org\/{rel}","templated":true}]}}