{"id":14838,"date":"2021-09-29T15:34:35","date_gmt":"2021-09-29T13:34:35","guid":{"rendered":"https:\/\/sundar.be\/product\/anti-aging-fiber-nailtech\/"},"modified":"2025-12-24T09:35:27","modified_gmt":"2025-12-24T08:35:27","slug":"anti-aging-fiber-nailtech","status":"publish","type":"product","link":"https:\/\/sundar.be\/fr\/produit\/anti-aging-fiber-nailtech\/","title":{"rendered":"LCN Anti Aging Fiber Nailtech 10ml"},"content":{"rendered":"<p data-start=\"112\" data-end=\"462\"><span style=\"color: #557e96;\"><strong>LCN Anti Aging Fiber NailTech<\/strong><\/span> est un syst\u00e8me de gel avanc\u00e9 en flacon avec pinceau int\u00e9gr\u00e9, sp\u00e9cialement d\u00e9velopp\u00e9 pour renforcer, lisser et prot\u00e9ger l\u2019ongle naturel. Sa formule innovante \u00e0 base de technologie de fibres soutient les ongles faibles et fins et aide \u00e0 r\u00e9duire visiblement les signes du vieillissement des ongles. <\/p>\n<p data-start=\"464\" data-end=\"695\">Ce gel auto-nivelant associe solidit\u00e9 et flexibilit\u00e9 pour un r\u00e9sultat naturel et soign\u00e9. Id\u00e9al comme base renfor\u00e7ante, overlay naturel ou gel de construction dans les soins de manucure professionnels. <\/p>\n","protected":false},"excerpt":{"rendered":"<p>Un gel fibre anti-\u00e2ge renfor\u00e7ant en flacon qui prot\u00e8ge et fortifie l\u2019ongle naturel. Id\u00e9al comme syst\u00e8me BIAB pour des ongles forts, soign\u00e9s et d\u2019apparence naturelle. <\/p>\n","protected":false},"featured_media":28327,"comment_status":"closed","ping_status":"closed","template":"","meta":{"_acf_changed":false},"product_brand":[],"product_cat":[6193,4951,4936,4949],"product_tag":[2715],"class_list":{"0":"post-14838","1":"product","2":"type-product","3":"status-publish","4":"has-post-thumbnail","6":"product_cat-lcn-ongles-artificielles-uv-gels-premium-gels-de-construction","7":"product_cat-lcn-ongles-artificiels-gels-uv-premium","8":"product_cat-lcn-fr","9":"product_cat-lcn-ongles-artificiels","10":"product_tag-lcn-fr","11":"pa_kleur-clear","12":"pa_kleur-nude","13":"pa_kleur-rose","15":"first","16":"instock","17":"taxable","18":"shipping-taxable","19":"product-type-variable"},"acf":[],"_links":{"self":[{"href":"https:\/\/sundar.be\/fr\/wp-json\/wp\/v2\/product\/14838","targetHints":{"allow":["GET"]}}],"collection":[{"href":"https:\/\/sundar.be\/fr\/wp-json\/wp\/v2\/product"}],"about":[{"href":"https:\/\/sundar.be\/fr\/wp-json\/wp\/v2\/types\/product"}],"replies":[{"embeddable":true,"href":"https:\/\/sundar.be\/fr\/wp-json\/wp\/v2\/comments?post=14838"}],"wp:featuredmedia":[{"embeddable":true,"href":"https:\/\/sundar.be\/fr\/wp-json\/wp\/v2\/media\/28327"}],"wp:attachment":[{"href":"https:\/\/sundar.be\/fr\/wp-json\/wp\/v2\/media?parent=14838"}],"wp:term":[{"taxonomy":"product_brand","embeddable":true,"href":"https:\/\/sundar.be\/fr\/wp-json\/wp\/v2\/product_brand?post=14838"},{"taxonomy":"product_cat","embeddable":true,"href":"https:\/\/sundar.be\/fr\/wp-json\/wp\/v2\/product_cat?post=14838"},{"taxonomy":"product_tag","embeddable":true,"href":"https:\/\/sundar.be\/fr\/wp-json\/wp\/v2\/product_tag?post=14838"}],"curies":[{"name":"wp","href":"https:\/\/api.w.org\/{rel}","templated":true}]}}