{"id":14718,"date":"2021-09-29T15:28:19","date_gmt":"2021-09-29T13:28:19","guid":{"rendered":"https:\/\/sundar.be\/product\/recolution-advanced-soak-off-colour-polish\/"},"modified":"2025-11-25T15:32:12","modified_gmt":"2025-11-25T14:32:12","slug":"recolution-advanced-soak-off-colour-polish","status":"publish","type":"product","link":"https:\/\/sundar.be\/fr\/produit\/recolution-advanced-soak-off-colour-polish\/","title":{"rendered":"LCN Recolution Advanced Colour Polish 10ml"},"content":{"rendered":"<p>D\u00e9couvrez la perfection du <strong><g id=\"gid_1\">Recolution Advanced Colour Polish<\/g><\/strong>, un syst\u00e8me innovant de vernis gel sans TPO qui \u00e9l\u00e8ve vos ongles \u00e0 un niveau sup\u00e9rieur. Ce gel couleur de haute qualit\u00e9, pr\u00e9sent\u00e9 dans un flacon pratique, offre aux professionnels comme aux passionn\u00e9s des ongles une mani\u00e8re r\u00e9volutionnaire d\u2019embellir les ongles avec une finition durable et \u00e9clatante. <\/p>\n<p>&nbsp;<\/p>\n","protected":false},"excerpt":{"rendered":"<p>Syst\u00e8me de vernis en gel, convenant aussi bien aux ongles naturels qu&rsquo;aux ongles artificiels.<\/p>\n","protected":false},"featured_media":37641,"comment_status":"closed","ping_status":"closed","template":"","meta":{"_acf_changed":false},"product_brand":[],"product_cat":[4936,4954,4952],"product_tag":[2715],"class_list":{"0":"post-14718","1":"product","2":"type-product","3":"status-publish","4":"has-post-thumbnail","6":"product_cat-lcn-fr","7":"product_cat-lcn-systemes-de-couleur-recolution-advanced","8":"product_cat-lcn-systemes-de-couleur","9":"product_tag-lcn-fr","10":"pa_kleur-1-rose-glimmer","11":"pa_kleur-1-taurus","12":"pa_kleur-106-light-orange","13":"pa_kleur-114-pink-passion","14":"pa_kleur-12-capricorn","15":"pa_kleur-13-gold-rose","16":"pa_kleur-136-blackberry-red","17":"pa_kleur-147-light-rose","18":"pa_kleur-148-lilac","19":"pa_kleur-17-cherry-seduction","20":"pa_kleur-18-deep-blue-large","21":"pa_kleur-2-cancer","22":"pa_kleur-2-natural-white","23":"pa_kleur-2-noir","24":"pa_kleur-20-light-rose","25":"pa_kleur-201-pretty-pink","26":"pa_kleur-203-azure-blue","27":"pa_kleur-205-ocean-blue","28":"pa_kleur-209-dark-bronze","29":"pa_kleur-21-light-green-normal","30":"pa_kleur-21-tender-silk","31":"pa_kleur-213-marry-me","32":"pa_kleur-22-light-green-large","33":"pa_kleur-23-olive-normal","34":"pa_kleur-234-sun-yellow","35":"pa_kleur-244-glue-wine","36":"pa_kleur-258-lovestruck","37":"pa_kleur-259-summernight-violet","38":"pa_kleur-260-sunset-orange","39":"pa_kleur-261-hot-pink","40":"pa_kleur-262-sensitive-rose","41":"pa_kleur-263-secret-sensation","42":"pa_kleur-264-magnetic-field","43":"pa_kleur-265-frosted-martini","44":"pa_kleur-266-midnight-rendezvous","45":"pa_kleur-267-fancy-pink","46":"pa_kleur-268-wild-heart","47":"pa_kleur-269-california-dreaming","48":"pa_kleur-270-flower-power","49":"pa_kleur-271-bordeaux-large","50":"pa_kleur-272-mon-cheri","51":"pa_kleur-273-ooh-la-la","52":"pa_kleur-273-purple-velvet-large","53":"pa_kleur-276-caribbean-sea","54":"pa_kleur-277-aqua-light","55":"pa_kleur-278-paradise-green","56":"pa_kleur-287-business-grey","57":"pa_kleur-288-love-reflection","58":"pa_kleur-289-pearly-rose","59":"pa_kleur-29-yellow-normal","60":"pa_kleur-290-magnificent-mauve","61":"pa_kleur-291-lovely-lilac","62":"pa_kleur-292-caribbean-red","63":"pa_kleur-293-tangerine-dream","64":"pa_kleur-295-tahitian-pink","65":"pa_kleur-296-dark-caramel-mini","66":"pa_kleur-297-after-party","67":"pa_kleur-297-dark-red","68":"pa_kleur-298-red-carpet","69":"pa_kleur-299-walk-of-fame","70":"pa_kleur-3-virgo","71":"pa_kleur-30-blue","72":"pa_kleur-300-black","73":"pa_kleur-301-anthracite","74":"pa_kleur-301-glamour-shot","75":"pa_kleur-305-attractive-nude","76":"pa_kleur-306-khaki-green-normal","77":"pa_kleur-307-city-cruising","78":"pa_kleur-308-come-to-the-cafe","79":"pa_kleur-309-summer-in-the-city","80":"pa_kleur-311-love-me-love-my-polish","81":"pa_kleur-312-lovers-lullaby","82":"pa_kleur-318-first-date","83":"pa_kleur-32-anthracite-normal","84":"pa_kleur-32-ruby-red","85":"pa_kleur-320-matchmaker","86":"pa_kleur-320-powder-rose","87":"pa_kleur-321-fall-in-love","88":"pa_kleur-323-in-touch","89":"pa_kleur-325-dark-brown-normal","90":"pa_kleur-326-colour-me-up","91":"pa_kleur-326-light-violet-mini","92":"pa_kleur-327-red-mini","93":"pa_kleur-327-some-like-it-hot","94":"pa_kleur-329-fanappleistic","95":"pa_kleur-33-turquoise","96":"pa_kleur-330-free-spirit","97":"pa_kleur-331-free-your-mind","98":"pa_kleur-333-dreamcatcher","99":"pa_kleur-334-blue-sapphire","100":"pa_kleur-335-violet-amethyst","101":"pa_kleur-336-rubin-red","102":"pa_kleur-337-green-smaragd","103":"pa_kleur-338-paris-chic","104":"pa_kleur-339-london-beat","105":"pa_kleur-34-crystal","106":"pa_kleur-340-new-york-glam","107":"pa_kleur-341-tokyo-expression","108":"pa_kleur-35-glam-beach","109":"pa_kleur-35-pearl-shine","110":"pa_kleur-35-sun","111":"pa_kleur-354-vintage-rose","112":"pa_kleur-355-soft-daisy","113":"pa_kleur-356-i-love-mint","114":"pa_kleur-357-lilac-blossom","115":"pa_kleur-358-fiery-cumin","116":"pa_kleur-359-blue-oasis","117":"pa_kleur-360-pink-pepper","118":"pa_kleur-361-hot-chilli","119":"pa_kleur-37-aqua","120":"pa_kleur-37-christmas-glittering","121":"pa_kleur-372-marilyn","122":"pa_kleur-373-liz","123":"pa_kleur-374-chocolate-fudge","124":"pa_kleur-375-knitting-wool","125":"pa_kleur-377-berry-punch","126":"pa_kleur-38-modern-red","127":"pa_kleur-389-pebble-stone","128":"pa_kleur-390-frosted-rain","129":"pa_kleur-391-nature-poetry","130":"pa_kleur-392-crazy-blueberry","131":"pa_kleur-392-gold-honey-princess","132":"pa_kleur-393-coralicious","133":"pa_kleur-394-phantasia","134":"pa_kleur-395-raspberry-lollipop","135":"pa_kleur-4-fascinating-grey","136":"pa_kleur-40-green","137":"pa_kleur-40-smokey-blue","138":"pa_kleur-400-delicious-me","139":"pa_kleur-401-tender-lace","140":"pa_kleur-402-were-meant-to-be","141":"pa_kleur-403-sweet-serenity","142":"pa_kleur-406-silk-seduction","143":"pa_kleur-407-onyx-goddess","144":"pa_kleur-408-gold-honey-princess","145":"pa_kleur-409-what-a-royal-treat","146":"pa_kleur-430-nice-to-meet-you-aquarius","147":"pa_kleur-431-follow-me-into-the-deep","148":"pa_kleur-432-oh-my-sea-treasure-ahead","149":"pa_kleur-441-pack-your-ibiza-bikini","150":"pa_kleur-447-cover-me-in-diamonds","151":"pa_kleur-448-my-crystal-dream","152":"pa_kleur-450-cant-get-past-my-reflection","153":"pa_kleur-451-call-me-starlet-deluxe","154":"pa_kleur-453-white-walls","155":"pa_kleur-454-shiny-bricks-and-steel","156":"pa_kleur-455-sharp-as-a-bullet","157":"pa_kleur-456-wow","158":"pa_kleur-458-like-a-wrecking-ball","159":"pa_kleur-459-marsala","160":"pa_kleur-460-cake-pop","161":"pa_kleur-461-bubblegum","162":"pa_kleur-462-cotton-candy","163":"pa_kleur-463-marshmallow","164":"pa_kleur-464-cupcake","165":"pa_kleur-465-grape-sorbet","166":"pa_kleur-467-banana-beach","167":"pa_kleur-471-copacabana-beach","168":"pa_kleur-471-copacobana-gold","169":"pa_kleur-472-pillow-talk","170":"pa_kleur-473-pink-seducer","171":"pa_kleur-474-satin-slipper","172":"pa_kleur-475-star-dust","173":"pa_kleur-476-diamond-tiara","174":"pa_kleur-477-glamour-robe","175":"pa_kleur-478-agent-kissing-lips","176":"pa_kleur-479-agent-divalicious","177":"pa_kleur-48-silk-shimmer","178":"pa_kleur-480-agent-diamand-and-caviar","179":"pa_kleur-481-agent-dr-love","180":"pa_kleur-482-agent-steamy-hot","181":"pa_kleur-483-agent-fine-sensation","182":"pa_kleur-486-dark-black-cherry","183":"pa_kleur-487-hula-dance","184":"pa_kleur-489-dancing-strangers","185":"pa_kleur-49-tangerine-shimmer","186":"pa_kleur-490-blue-casanova","187":"pa_kleur-491-bang-boom-bang","188":"pa_kleur-497-hypnotic-potion","189":"pa_kleur-498-satiny-shimmer","190":"pa_kleur-499-greenery","191":"pa_kleur-5-orange-red","192":"pa_kleur-5-pisces","193":"pa_kleur-501-pearl-turquoise","194":"pa_kleur-502-pearl-effect","195":"pa_kleur-504-italian-red","196":"pa_kleur-506-sand","197":"pa_kleur-51-golden-shaddow","198":"pa_kleur-511-carat-gold","199":"pa_kleur-514-truly-pink","200":"pa_kleur-515-nightfever","201":"pa_kleur-516-light-denim","202":"pa_kleur-517-sunshine","203":"pa_kleur-518-forever-in-love","204":"pa_kleur-519-pinkie-winkie","205":"pa_kleur-52-light-chrome","206":"pa_kleur-521-so-in-lilac","207":"pa_kleur-522-bloody-mary","208":"pa_kleur-523-strawberry-red","209":"pa_kleur-524-raspberry-metallic","210":"pa_kleur-525-light-mauve","211":"pa_kleur-526-black-silver-stars","212":"pa_kleur-526-natural-rose-glimmer","213":"pa_kleur-527-black-multicolour-stars","214":"pa_kleur-527-natural-nude-glimmer","215":"pa_kleur-53-jet-hematite","216":"pa_kleur-54-rose-aurore-boreale","217":"pa_kleur-55-crystal-rose-gold","218":"pa_kleur-55-rose-gold","219":"pa_kleur-56-coral-shine","220":"pa_kleur-574-copper-rose","221":"pa_kleur-575-a-unicorn-in-paris","222":"pa_kleur-576-french-mauve","223":"pa_kleur-577-creamy-cafe-au-lait","224":"pa_kleur-578-delicate-negligee","225":"pa_kleur-579-pink-cherry","226":"pa_kleur-580-golden-buddah","227":"pa_kleur-580-golden-buddha","228":"pa_kleur-581-tuk-tuk","229":"pa_kleur-582-red-lips","230":"pa_kleur-583-royal-city-avenue","231":"pa_kleur-584-sparkling-bangkok","232":"pa_kleur-585-chinatown","233":"pa_kleur-587-daily-story","234":"pa_kleur-59-dark-cherry","235":"pa_kleur-590-nail-post","236":"pa_kleur-591-tag-me","237":"pa_kleur-592-pink-up-your-shimmer","238":"pa_kleur-593-pinks-preferred","239":"pa_kleur-595-pink-party","240":"pa_kleur-596-roselicious","241":"pa_kleur-597-liquid-pearl","242":"pa_kleur-6-aquarius","243":"pa_kleur-6-rouge-damour","244":"pa_kleur-600-sparkling-rose","245":"pa_kleur-601-metallic-rose","246":"pa_kleur-602-metallic-nude","247":"pa_kleur-604-crazy-pink","248":"pa_kleur-605-sparkling-neon-pink","249":"pa_kleur-606-sparkling-fuchsia","250":"pa_kleur-608-sparkling-copper","251":"pa_kleur-609-glitter-pink","252":"pa_kleur-610-twinkle-jeans","253":"pa_kleur-612-dark-petrol","254":"pa_kleur-613-fm-soft-rose","255":"pa_kleur-614-fm-soft-beige","256":"pa_kleur-615-glitter-gold","257":"pa_kleur-616-glitter-silver","258":"pa_kleur-617-stairy-night","259":"pa_kleur-618-red-at-night","260":"pa_kleur-619-bordeaux-wine","261":"pa_kleur-620-red-forever","262":"pa_kleur-621-brilliant-dark-orange","263":"pa_kleur-69-bordeaux","264":"pa_kleur-703-surfer-girl","265":"pa_kleur-704-girls-girls-girls","266":"pa_kleur-705-diamond-sand","267":"pa_kleur-713-venus","268":"pa_kleur-714-selene","269":"pa_kleur-715-athena","270":"pa_kleur-717-calypso","271":"pa_kleur-718-outfit-of-the-day","272":"pa_kleur-719-festival-girl","273":"pa_kleur-720-sunglow","274":"pa_kleur-721-love-live","275":"pa_kleur-722-feel-the-beat","276":"pa_kleur-723-freedom","277":"pa_kleur-724-do-you-like-my-red-blossom","278":"pa_kleur-725-im-a-vegan-cookie-monster","279":"pa_kleur-726-phantasy-smoothie","280":"pa_kleur-727squashed-grapes-and-plums","281":"pa_kleur-728-dragon-fruitylicious","282":"pa_kleur-729-call-me-bio","283":"pa_kleur-730-free-mind","284":"pa_kleur-731-minimalism","285":"pa_kleur-732-soul-mate","286":"pa_kleur-733-silence","287":"pa_kleur-734-hypnotizing","288":"pa_kleur-735-anonymous","289":"pa_kleur-738-green-tea-frappuccino","290":"pa_kleur-739-frosted-matcha-tea","291":"pa_kleur-740-blueberry-milkshake","292":"pa_kleur-741-raspberry-whipped-cream","293":"pa_kleur-742-peach-iced-tea","294":"pa_kleur-743-strawberry-chai-smoothie","295":"pa_kleur-744-scorpion-sting","296":"pa_kleur-745-california-poppy","297":"pa_kleur-746-hypersun","298":"pa_kleur-747-oasis-reflection","299":"pa_kleur-748-sandstorm","300":"pa_kleur-749-sandy-desert","301":"pa_kleur-751-cozy-candlelight","302":"pa_kleur-752-sparkling-chandelier","303":"pa_kleur-753-magical-wooden-lodge","304":"pa_kleur-754-romantic-evening","305":"pa_kleur-755-enjoy-the-mountain-view","306":"pa_kleur-756-meet-me-at-the-fireplace","307":"pa_kleur-763-shine","308":"pa_kleur-764-comfort-zone","309":"pa_kleur-765-self-love","310":"pa_kleur-766-ego-boost","311":"pa_kleur-767-true-me","312":"pa_kleur-768-me-myself-and-i","313":"pa_kleur-769-liquid-sand","314":"pa_kleur-770-glowing-lava","315":"pa_kleur-771-solar-eclipse","316":"pa_kleur-772-free-amazon","317":"pa_kleur-773-monsoon-rain","318":"pa_kleur-774-red-earth","319":"pa_kleur-775-the-dark-side-of-jade","320":"pa_kleur-776-colour-of-strength","321":"pa_kleur-777-joy-and-hope","322":"pa_kleur-778-cheer-up","323":"pa_kleur-779-positive-vibes","324":"pa_kleur-780-great-expectations","325":"pa_kleur-781-frappe","326":"pa_kleur-782-cappuccino","327":"pa_kleur-783-espresso","328":"pa_kleur-784-creamy-milk","329":"pa_kleur-785-latte-macchiato","330":"pa_kleur-786-coffee","331":"pa_kleur-787-legendary-beige","332":"pa_kleur-788-diamond-legacy","333":"pa_kleur-789-antique-grey","334":"pa_kleur-790-chalky-taupe","335":"pa_kleur-791-vintage-blossom","336":"pa_kleur-792-retro-candy","337":"pa_kleur-793-dahlia","338":"pa_kleur-794-lily","339":"pa_kleur-795-rose","340":"pa_kleur-796-flora","341":"pa_kleur-797-daisy","342":"pa_kleur-798-jasmin","343":"pa_kleur-799-neon-lemon","344":"pa_kleur-8-gemini","345":"pa_kleur-800-neon-orange","346":"pa_kleur-801-neon-grapefruit","347":"pa_kleur-803-bora-bora-dreams","348":"pa_kleur-804-blue-lagoon","349":"pa_kleur-805-seashell","350":"pa_kleur-806-sandy-beach","351":"pa_kleur-807-coral-beach","352":"pa_kleur-808-hibiscus","353":"pa_kleur-809-glow-glow-glow","354":"pa_kleur-810-ice-ice-baby","355":"pa_kleur-811-northern-lights","356":"pa_kleur-812-starry-starry-nights","357":"pa_kleur-813-midnight-sun","358":"pa_kleur-814-arctica","359":"pa_kleur-815-rose-quartz","360":"pa_kleur-816-aquamarine","361":"pa_kleur-817-citrine","362":"pa_kleur-818-aventurine","363":"pa_kleur-819-amethyst","364":"pa_kleur-82-classic-cold-red","365":"pa_kleur-820-ruby","366":"pa_kleur-821-tropical-palms","367":"pa_kleur-823-tropical-gourmand","368":"pa_kleur-825-tangerine-dream","369":"pa_kleur-826-juicy-passion-fruit","370":"pa_kleur-827-dark-sage","371":"pa_kleur-831-dusty-lilac","372":"pa_kleur-832-pearly-blue","373":"pa_kleur-833-cozy-silk","374":"pa_kleur-834-soft-kiss","375":"pa_kleur-835-pastel-dreams","376":"pa_kleur-836-feel-good","377":"pa_kleur-837-lazy-sunday","378":"pa_kleur-838-relaxation","379":"pa_kleur-839-cupid","380":"pa_kleur-840-obsession","381":"pa_kleur-841-lovestruck","382":"pa_kleur-842-seduction","383":"pa_kleur-843-crush","384":"pa_kleur-844-love-potion","385":"pa_kleur-845-cabo","386":"pa_kleur-846-baja-california","387":"pa_kleur-847-monterrey","388":"pa_kleur-848-hola-guapa","389":"pa_kleur-850-mariachi","390":"pa_kleur-851-one-world","391":"pa_kleur-852-one-planet","392":"pa_kleur-853-one-goal","393":"pa_kleur-854-one-love","394":"pa_kleur-855-one-family","395":"pa_kleur-856-one-future","396":"pa_kleur-857-rouge-rush","397":"pa_kleur-858-wild-cherry","398":"pa_kleur-859-rouge","399":"pa_kleur-860-lamor","400":"pa_kleur-861-cheri","401":"pa_kleur-862-coeur","402":"pa_kleur-863-fuzzy","403":"pa_kleur-863-huppel","404":"pa_kleur-867-pixy","405":"pa_kleur-868-fluffy","406":"pa_kleur-869-coral-crush","407":"pa_kleur-87-dark-red","408":"pa_kleur-870-tropical-glow","409":"pa_kleur-871-flamingo-fizz","410":"pa_kleur-872-berry-sangria","411":"pa_kleur-873-heatwave-hibiscus","412":"pa_kleur-874-blue-wave","413":"pa_kleur-875-dark-orchid","414":"pa_kleur-876-jardin-de-noel","415":"pa_kleur-877-winter-rose","416":"pa_kleur-878-snow-blush","417":"pa_kleur-879-winter-pine","418":"pa_kleur-880-frozen-sapphire","419":"pa_kleur-9-leo","420":"pa_kleur-c1-soft-beige","421":"pa_kleur-c2-natural-rose","422":"pa_kleur-c3-ballet-dancer","423":"pa_kleur-c4-powder-dream","424":"pa_kleur-c5-classic-rose","425":"pa_kleur-cf1-maple-syrup","426":"pa_kleur-cf2-canadian-red","427":"pa_kleur-cf3-cranberry","428":"pa_kleur-cf4-blueberry","429":"pa_kleur-cf5-chokecherry","430":"pa_kleur-cf6-deep-forest","431":"pa_kleur-cg-chrome-rosegold","432":"pa_kleur-chistmas-glitter","433":"pa_kleur-eb-even-brighter","434":"pa_kleur-ew-extra-white","435":"pa_kleur-ex1-maroon","436":"pa_kleur-ex2-dark-eucalyptus","437":"pa_kleur-ex3-fir-forest","438":"pa_kleur-ex4-spicy-punch","439":"pa_kleur-glimmer-gold","440":"pa_kleur-gw-glacier-white","441":"pa_kleur-hologram","442":"pa_kleur-it01-portofino-2","443":"pa_kleur-it01-portofino","444":"pa_kleur-it02-firenze","445":"pa_kleur-it03-venezia","446":"pa_kleur-it04-milano-2","447":"pa_kleur-it04-milano","448":"pa_kleur-it05-roma-2","449":"pa_kleur-it05-roma","450":"pa_kleur-it06-capri","451":"pa_kleur-na8-black","452":"pa_kleur-p4-nuit-etoilee","453":"pa_kleur-p5-neige-scintillante","454":"pa_kleur-pink","455":"pa_kleur-rn-rouge-noir","457":"first","458":"instock","459":"taxable","460":"shipping-taxable","461":"product-type-variable"},"acf":[],"_links":{"self":[{"href":"https:\/\/sundar.be\/fr\/wp-json\/wp\/v2\/product\/14718","targetHints":{"allow":["GET"]}}],"collection":[{"href":"https:\/\/sundar.be\/fr\/wp-json\/wp\/v2\/product"}],"about":[{"href":"https:\/\/sundar.be\/fr\/wp-json\/wp\/v2\/types\/product"}],"replies":[{"embeddable":true,"href":"https:\/\/sundar.be\/fr\/wp-json\/wp\/v2\/comments?post=14718"}],"wp:featuredmedia":[{"embeddable":true,"href":"https:\/\/sundar.be\/fr\/wp-json\/wp\/v2\/media\/37641"}],"wp:attachment":[{"href":"https:\/\/sundar.be\/fr\/wp-json\/wp\/v2\/media?parent=14718"}],"wp:term":[{"taxonomy":"product_brand","embeddable":true,"href":"https:\/\/sundar.be\/fr\/wp-json\/wp\/v2\/product_brand?post=14718"},{"taxonomy":"product_cat","embeddable":true,"href":"https:\/\/sundar.be\/fr\/wp-json\/wp\/v2\/product_cat?post=14718"},{"taxonomy":"product_tag","embeddable":true,"href":"https:\/\/sundar.be\/fr\/wp-json\/wp\/v2\/product_tag?post=14718"}],"curies":[{"name":"wp","href":"https:\/\/api.w.org\/{rel}","templated":true}]}}