{"id":14357,"date":"2021-09-29T15:00:49","date_gmt":"2021-09-29T13:00:49","guid":{"rendered":"https:\/\/sundar.be\/product\/wow-hybrid-gel-polish-8ml\/"},"modified":"2025-11-25T15:34:59","modified_gmt":"2025-11-25T14:34:59","slug":"wow-hybrid-gel-polish-8ml","status":"publish","type":"product","link":"https:\/\/sundar.be\/fr\/produit\/wow-hybrid-gel-polish-8ml\/","title":{"rendered":"LCN WOW Hybrid Gel Polish, 8ml"},"content":{"rendered":"<p>Le <strong data-start=\"619\" data-end=\"644\">WOW Hybrid Gel Polish<\/strong> associe la <strong data-start=\"659\" data-end=\"683\">tenue du gel<\/strong> \u00e0 l\u2019<strong data-start=\"692\" data-end=\"732\">application facile d\u2019un vernis<\/strong>. Gr\u00e2ce \u00e0 sa formule innovante, il s\u00e8che rapidement et forme une couche flexible et r\u00e9sistante aux chocs et \u00e0 l\u2019usure. La technologie hybride garantit un r\u00e9sultat brillant et durable sans n\u00e9cessiter de lampe LED\/UV.<\/p>\n<p><strong>Remarque :<\/strong> le syst\u00e8me de vernis en gel WOW Hybrid doit \u00eatre prot\u00e9g\u00e9 de la lumi\u00e8re directe du soleil en raison des photo-initiateurs qu&rsquo;il contient.<\/p>\n<p>&nbsp;<\/p>\n","protected":false},"excerpt":{"rendered":"<p>Le <strong data-start=\"619\" data-end=\"644\">WOW Hybrid Gel Polish<\/strong> associe la tenue du gel \u00e0 l\u2019application facile d\u2019un vernis. Pour toutes celles qui veulent un look gel professionnel sans contraintes.<\/p>\n","protected":false},"featured_media":14437,"comment_status":"closed","ping_status":"closed","template":"","meta":{"_acf_changed":false},"product_brand":[],"product_cat":[4936,4952,4958],"product_tag":[2715],"class_list":{"0":"post-14357","1":"product","2":"type-product","3":"status-publish","4":"has-post-thumbnail","6":"product_cat-lcn-fr","7":"product_cat-lcn-systemes-de-couleur","8":"product_cat-lcn-systemes-de-couleur-wow","9":"product_tag-lcn-fr","10":"pa_kleur-1-aspen-chic","11":"pa_kleur-10-purple-devotion","12":"pa_kleur-11-blackberry-crumble","13":"pa_kleur-12-sassy-pink","14":"pa_kleur-13-ice-cold","15":"pa_kleur-14-princess-doll","16":"pa_kleur-147m-light-rose","17":"pa_kleur-15-candy-shop","18":"pa_kleur-16-sunset-coral","19":"pa_kleur-17-pink-it-up","20":"pa_kleur-18-me-marsala-and-i","21":"pa_kleur-19-bordeaux-temptation","22":"pa_kleur-2-ballet-dancer","23":"pa_kleur-20-hot-chocolate","24":"pa_kleur-21-not-a-grey-mouse","25":"pa_kleur-22-black-pearls","26":"pa_kleur-23-petrol-jeans","27":"pa_kleur-24-big-in-love","28":"pa_kleur-25-dark-diva","29":"pa_kleur-26-my-dear-rosa","30":"pa_kleur-27-urban-beats","31":"pa_kleur-28-lovely-plum","32":"pa_kleur-29-silk-emotion","33":"pa_kleur-3-soft-cream","34":"pa_kleur-30-mr-grey","35":"pa_kleur-31-black","36":"pa_kleur-32-ballet-shoes","37":"pa_kleur-4-powder-dream","38":"pa_kleur-5-blind-date","39":"pa_kleur-6-sweet-coral","40":"pa_kleur-7-pure-passion","41":"pa_kleur-719-festival-girl","42":"pa_kleur-720-sunglow","43":"pa_kleur-721-love-live","44":"pa_kleur-724-do-you-like-my-red-blossom","45":"pa_kleur-725-im-a-vegan-cookie-monster","46":"pa_kleur-727squashed-grapes-and-plums","47":"pa_kleur-728-dragon-fruitylicious","48":"pa_kleur-729-call-me-bio","49":"pa_kleur-730-free-mind","50":"pa_kleur-731-minimalism","51":"pa_kleur-732-soul-mate","52":"pa_kleur-733-silence","53":"pa_kleur-734-hypnotizing","54":"pa_kleur-735-anonymous","55":"pa_kleur-738-green-tea-frappuccino","56":"pa_kleur-739-frosted-matcha-tea","57":"pa_kleur-740-blueberry-milkshake","58":"pa_kleur-746-hypersun","59":"pa_kleur-748-sandstorm","60":"pa_kleur-749-sandy-desert","61":"pa_kleur-751-cozy-candlelight","62":"pa_kleur-754-romantic-evening","63":"pa_kleur-763-shine","64":"pa_kleur-764-comfort-zone","65":"pa_kleur-765-self-love","66":"pa_kleur-766-ego-boost","67":"pa_kleur-767-true-me","68":"pa_kleur-768-me-myself-and-i","69":"pa_kleur-769-liquid-sand","70":"pa_kleur-770-glowing-lava","71":"pa_kleur-771-solar-eclipse","72":"pa_kleur-772-free-amazon","73":"pa_kleur-773-monsoon-rain","74":"pa_kleur-774-red-earth","75":"pa_kleur-775-the-dark-side-of-jade","76":"pa_kleur-776-colour-of-strength","77":"pa_kleur-777-joy-and-hope","78":"pa_kleur-778-cheer-up","79":"pa_kleur-779-positive-vibes","80":"pa_kleur-780-great-expectations","81":"pa_kleur-781-frappe","82":"pa_kleur-782-cappuccino","83":"pa_kleur-783-espresso","84":"pa_kleur-784-creamy-milk","85":"pa_kleur-785-latte-macchiato","86":"pa_kleur-786-coffee","87":"pa_kleur-787-legendary-beige","88":"pa_kleur-788-diamond-legacy","89":"pa_kleur-789-antique-grey","90":"pa_kleur-790-chalky-taupe","91":"pa_kleur-791-vintage-blossom","92":"pa_kleur-792-liquid-sand","93":"pa_kleur-793-dahlia","94":"pa_kleur-794-lily","95":"pa_kleur-795-rose","96":"pa_kleur-796-flora","97":"pa_kleur-797-daisy","98":"pa_kleur-798-jasmin","99":"pa_kleur-799-neon-lemon","100":"pa_kleur-8-smokin-hot","101":"pa_kleur-800-neon-orange","102":"pa_kleur-801-neon-grapefruit","103":"pa_kleur-803-bora-bora-dreams","104":"pa_kleur-804-blue-lagoon","105":"pa_kleur-805-seashell","106":"pa_kleur-806-sandy-beach","107":"pa_kleur-807-coral-beach","108":"pa_kleur-808-hibiscus","109":"pa_kleur-809-glow-glow-glow","110":"pa_kleur-810-ice-ice-baby","111":"pa_kleur-811-northern-lights","112":"pa_kleur-812-starry-starry-nights","113":"pa_kleur-813-midnight-sun","114":"pa_kleur-814-arctica","115":"pa_kleur-815-rose-quartz","116":"pa_kleur-816-aquamarine","117":"pa_kleur-817-citrine","118":"pa_kleur-818-aventurine","119":"pa_kleur-819-amethyst","120":"pa_kleur-820-ruby","121":"pa_kleur-821-tropical-palms","122":"pa_kleur-822-sweet-watermelon","123":"pa_kleur-823-tropical-gourmand","124":"pa_kleur-824-luscious-lotus","125":"pa_kleur-825-tangerine-dream","126":"pa_kleur-826-juicy-passion-fruit","127":"pa_kleur-827-dark-sage","128":"pa_kleur-828-dirty-rose","129":"pa_kleur-829-midnight-garden","130":"pa_kleur-830-pale-grey","131":"pa_kleur-831-dusty-lilac","132":"pa_kleur-832-pearly-blue","133":"pa_kleur-833-cozy-silk","134":"pa_kleur-834-soft-kiss","135":"pa_kleur-835-pastel-dreams","136":"pa_kleur-836-feel-good","137":"pa_kleur-837-lazy-sunday","138":"pa_kleur-838-relaxation","139":"pa_kleur-839-cupid","140":"pa_kleur-840-obsession","141":"pa_kleur-841-lovestruck","142":"pa_kleur-842-seduction","143":"pa_kleur-843-crush","144":"pa_kleur-844-love-potion","145":"pa_kleur-845-cabo","146":"pa_kleur-846-baja-california","147":"pa_kleur-847-monterrey","148":"pa_kleur-849-acapulco","149":"pa_kleur-850-mariachi","150":"pa_kleur-851-one-world","151":"pa_kleur-852-one-planet","152":"pa_kleur-853-one-goal","153":"pa_kleur-854-one-love","154":"pa_kleur-855-one-family","155":"pa_kleur-856-one-future","156":"pa_kleur-858-wild-cherry","157":"pa_kleur-859-rouge","158":"pa_kleur-860-lamor","159":"pa_kleur-861-cheri","160":"pa_kleur-862-coeur","161":"pa_kleur-863-fuzzy","162":"pa_kleur-864-lolly","163":"pa_kleur-865-jelly","164":"pa_kleur-866-squizy","165":"pa_kleur-867-pixy","166":"pa_kleur-868-fluffy","167":"pa_kleur-869-coral-crush","168":"pa_kleur-870-tropical-glow","169":"pa_kleur-871-flamingo-fizz","170":"pa_kleur-872-berry-sangria","171":"pa_kleur-873-heatwave-hibiscus","172":"pa_kleur-874-blue-wave","173":"pa_kleur-9-glam-shine","174":"pa_kleur-aspen-chic-1","175":"pa_kleur-ballerina-c3","176":"pa_kleur-c3-ballerina","177":"pa_kleur-c3-ballet-dancer","178":"pa_kleur-c5-classic-rose","179":"pa_kleur-it01-portofino","180":"pa_kleur-it02-firenze","181":"pa_kleur-it03-venezia","182":"pa_kleur-it04-milano","183":"pa_kleur-it05-roma","184":"pa_kleur-it06-capri","185":"pa_kleur-powder-dream-c4","187":"first","188":"instock","189":"taxable","190":"shipping-taxable","191":"product-type-variable"},"acf":[],"_links":{"self":[{"href":"https:\/\/sundar.be\/fr\/wp-json\/wp\/v2\/product\/14357","targetHints":{"allow":["GET"]}}],"collection":[{"href":"https:\/\/sundar.be\/fr\/wp-json\/wp\/v2\/product"}],"about":[{"href":"https:\/\/sundar.be\/fr\/wp-json\/wp\/v2\/types\/product"}],"replies":[{"embeddable":true,"href":"https:\/\/sundar.be\/fr\/wp-json\/wp\/v2\/comments?post=14357"}],"wp:featuredmedia":[{"embeddable":true,"href":"https:\/\/sundar.be\/fr\/wp-json\/wp\/v2\/media\/14437"}],"wp:attachment":[{"href":"https:\/\/sundar.be\/fr\/wp-json\/wp\/v2\/media?parent=14357"}],"wp:term":[{"taxonomy":"product_brand","embeddable":true,"href":"https:\/\/sundar.be\/fr\/wp-json\/wp\/v2\/product_brand?post=14357"},{"taxonomy":"product_cat","embeddable":true,"href":"https:\/\/sundar.be\/fr\/wp-json\/wp\/v2\/product_cat?post=14357"},{"taxonomy":"product_tag","embeddable":true,"href":"https:\/\/sundar.be\/fr\/wp-json\/wp\/v2\/product_tag?post=14357"}],"curies":[{"name":"wp","href":"https:\/\/api.w.org\/{rel}","templated":true}]}}