{"id":13513,"date":"2021-09-29T14:35:10","date_gmt":"2021-09-29T12:35:10","guid":{"rendered":"https:\/\/sundar.be\/product\/loosener-mango-flavour\/"},"modified":"2025-11-27T16:26:39","modified_gmt":"2025-11-27T15:26:39","slug":"loosener-mango-flavour","status":"publish","type":"product","link":"https:\/\/sundar.be\/fr\/produit\/loosener-mango-flavour\/","title":{"rendered":"LCN Loosener Mango Flavour, 100ml"},"content":{"rendered":"<p>Le dissolvant \u00ab\u00a0Mango Flavour\u00a0\u00bb est particuli\u00e8rement adapt\u00e9 au retrait des ongles en acrylique et des couleurs Recolution Advanced. L&rsquo;huile contenue dans le produit soigne \u00e9galement les cuticules et les ongles. Avec un parfum frais de mangue.<\/p>\n","protected":false},"excerpt":{"rendered":"<p>Le dissolvant \u00ab\u00a0Mango Flavour\u00a0\u00bb est particuli\u00e8rement adapt\u00e9 au retrait des ongles en acrylique et des couleurs Recolution Advanced. L&rsquo;huile contenue dans le produit soigne \u00e9galement les cuticules et les ongles. Avec un parfum frais de mangue.<\/p>\n","protected":false},"featured_media":9401,"comment_status":"closed","ping_status":"closed","template":"","meta":{"_acf_changed":false},"product_brand":[],"product_cat":[5016,4936,1539,5008,1532,4949,4761],"product_tag":[2715],"class_list":{"0":"post-13513","1":"product","2":"type-product","3":"status-publish","4":"has-post-thumbnail","6":"product_cat-manucure-accessoires-liquides","7":"product_cat-lcn-fr","8":"product_cat-liquides-accessoires-fr","9":"product_cat-manucure-materiel-manucure","10":"product_cat-materiels","11":"product_cat-lcn-ongles-artificiels","12":"product_cat-pose-ongles","13":"product_tag-lcn-fr","14":"pa_inhoud-100-ml-fr","15":"pa_inhoud-500-ml-fr","17":"first","18":"instock","19":"taxable","20":"shipping-taxable","21":"product-type-simple"},"acf":[],"_links":{"self":[{"href":"https:\/\/sundar.be\/fr\/wp-json\/wp\/v2\/product\/13513","targetHints":{"allow":["GET"]}}],"collection":[{"href":"https:\/\/sundar.be\/fr\/wp-json\/wp\/v2\/product"}],"about":[{"href":"https:\/\/sundar.be\/fr\/wp-json\/wp\/v2\/types\/product"}],"replies":[{"embeddable":true,"href":"https:\/\/sundar.be\/fr\/wp-json\/wp\/v2\/comments?post=13513"}],"wp:featuredmedia":[{"embeddable":true,"href":"https:\/\/sundar.be\/fr\/wp-json\/wp\/v2\/media\/9401"}],"wp:attachment":[{"href":"https:\/\/sundar.be\/fr\/wp-json\/wp\/v2\/media?parent=13513"}],"wp:term":[{"taxonomy":"product_brand","embeddable":true,"href":"https:\/\/sundar.be\/fr\/wp-json\/wp\/v2\/product_brand?post=13513"},{"taxonomy":"product_cat","embeddable":true,"href":"https:\/\/sundar.be\/fr\/wp-json\/wp\/v2\/product_cat?post=13513"},{"taxonomy":"product_tag","embeddable":true,"href":"https:\/\/sundar.be\/fr\/wp-json\/wp\/v2\/product_tag?post=13513"}],"curies":[{"name":"wp","href":"https:\/\/api.w.org\/{rel}","templated":true}]}}