{"id":13499,"date":"2021-09-29T14:35:10","date_gmt":"2021-09-29T12:35:10","guid":{"rendered":"https:\/\/sundar.be\/product\/cleaner-mango-flavour\/"},"modified":"2025-11-25T15:32:09","modified_gmt":"2025-11-25T14:32:09","slug":"cleaner-mango-flavour","status":"publish","type":"product","link":"https:\/\/sundar.be\/fr\/produit\/cleaner-mango-flavour\/","title":{"rendered":"LCN Cleaner Mango Flavour"},"content":{"rendered":"<p>Le Cleaner \u00ab\u00a0Mango Flavour\u00a0\u00bb est une solution alcoolique avec solvant qui d\u00e9graisse l&rsquo;ongle naturel avant le modelage. En outre, le nettoyeur \u00e9limine la couche de dispersion et sert \u00e0 enlever la poussi\u00e8re fine et le Nail Art broy\u00e9. D\u00e9sormais \u00e9galement disponible avec un parfum de mangue fra\u00eeche.<\/p>\n","protected":false},"excerpt":{"rendered":"<p>Le Cleaner \u00ab\u00a0Mango Flavour\u00a0\u00bb est une solution alcoolique avec solvant qui d\u00e9graisse l&rsquo;ongle naturel avant le modelage. En outre, le nettoyeur \u00e9limine la couche de dispersion et sert \u00e0 enlever la poussi\u00e8re fine et le Nail Art broy\u00e9. D\u00e9sormais \u00e9galement disponible avec un parfum de mangue fra\u00eeche.<\/p>\n","protected":false},"featured_media":9387,"comment_status":"closed","ping_status":"closed","template":"","meta":{"_acf_changed":false},"product_brand":[],"product_cat":[5016,4936,1539,5008,1532,4949,4761],"product_tag":[2715],"class_list":{"0":"post-13499","1":"product","2":"type-product","3":"status-publish","4":"has-post-thumbnail","6":"product_cat-manucure-accessoires-liquides","7":"product_cat-lcn-fr","8":"product_cat-liquides-accessoires-fr","9":"product_cat-manucure-materiel-manucure","10":"product_cat-materiels","11":"product_cat-lcn-ongles-artificiels","12":"product_cat-pose-ongles","13":"product_tag-lcn-fr","14":"pa_inhoud-100-ml-fr","15":"pa_inhoud-500-ml-fr","17":"first","18":"instock","19":"taxable","20":"shipping-taxable","21":"product-type-variable"},"acf":[],"_links":{"self":[{"href":"https:\/\/sundar.be\/fr\/wp-json\/wp\/v2\/product\/13499","targetHints":{"allow":["GET"]}}],"collection":[{"href":"https:\/\/sundar.be\/fr\/wp-json\/wp\/v2\/product"}],"about":[{"href":"https:\/\/sundar.be\/fr\/wp-json\/wp\/v2\/types\/product"}],"replies":[{"embeddable":true,"href":"https:\/\/sundar.be\/fr\/wp-json\/wp\/v2\/comments?post=13499"}],"wp:featuredmedia":[{"embeddable":true,"href":"https:\/\/sundar.be\/fr\/wp-json\/wp\/v2\/media\/9387"}],"wp:attachment":[{"href":"https:\/\/sundar.be\/fr\/wp-json\/wp\/v2\/media?parent=13499"}],"wp:term":[{"taxonomy":"product_brand","embeddable":true,"href":"https:\/\/sundar.be\/fr\/wp-json\/wp\/v2\/product_brand?post=13499"},{"taxonomy":"product_cat","embeddable":true,"href":"https:\/\/sundar.be\/fr\/wp-json\/wp\/v2\/product_cat?post=13499"},{"taxonomy":"product_tag","embeddable":true,"href":"https:\/\/sundar.be\/fr\/wp-json\/wp\/v2\/product_tag?post=13499"}],"curies":[{"name":"wp","href":"https:\/\/api.w.org\/{rel}","templated":true}]}}