{"id":13480,"date":"2021-09-29T14:33:36","date_gmt":"2021-09-29T12:33:36","guid":{"rendered":"https:\/\/sundar.be\/product\/nail-tip-type-700\/"},"modified":"2025-11-25T15:33:36","modified_gmt":"2025-11-25T14:33:36","slug":"nail-tip-type-700","status":"publish","type":"product","link":"https:\/\/sundar.be\/fr\/produit\/nail-tip-type-700\/","title":{"rendered":"LCN Nail Tip Type 700"},"content":{"rendered":"<p>Pour allonger le modelage d&rsquo;un ongle.<\/p>\n<ul>\n<li>Caract\u00e9ristiques : pointe \u00e9lastique, r\u00e9sistante \u00e0 la d\u00e9chirure, avec une zone de contact plate et une ligne lat\u00e9rale forte.<\/li>\n<li>Effet : ongles l\u00e9g\u00e8rement incurv\u00e9s<\/li>\n<li>Particularit\u00e9s : convient aux clientes dont le lit de l&rsquo;ongle est plat<\/li>\n<li>Tailles : (-01 \u00e0 -10)<\/li>\n<\/ul>\n","protected":false},"excerpt":{"rendered":"<p>Pour allonger le modelage d&rsquo;un ongle. Caract\u00e9ristiques : pointe \u00e9lastique, r\u00e9sistante \u00e0 la d\u00e9chirure, avec une zone de contact plate et une ligne lat\u00e9rale forte. Effet : ongles l\u00e9g\u00e8rement incurv\u00e9s Particularit\u00e9s : convient aux clientes dont le lit de l&rsquo;ongle est plat Tailles : (-01 \u00e0 -10)<\/p>\n","protected":false},"featured_media":19526,"comment_status":"closed","ping_status":"closed","template":"","meta":{"_acf_changed":false},"product_brand":[],"product_cat":[5669,5012,1538,4936,1532,4949,4761],"product_tag":[2715],"class_list":{"0":"post-13480","1":"product","2":"type-product","3":"status-publish","4":"has-post-thumbnail","6":"product_cat-capsules-ongles","7":"product_cat-manucure-chablons","8":"product_cat-colle-tips-formes-fr","9":"product_cat-lcn-fr","10":"product_cat-materiels","11":"product_cat-lcn-ongles-artificiels","12":"product_cat-pose-ongles","13":"product_tag-lcn-fr","14":"pa_maat-box-fr","15":"pa_maat-size-1-fr","16":"pa_maat-size-10-fr","17":"pa_maat-size-2-fr","18":"pa_maat-size-3-fr","19":"pa_maat-size-4-fr","20":"pa_maat-size-5-fr","21":"pa_maat-size-6-fr","22":"pa_maat-size-7-fr","23":"pa_maat-size-8-fr","24":"pa_maat-size-9-fr","26":"first","27":"instock","28":"taxable","29":"shipping-taxable","30":"product-type-variable"},"acf":[],"_links":{"self":[{"href":"https:\/\/sundar.be\/fr\/wp-json\/wp\/v2\/product\/13480","targetHints":{"allow":["GET"]}}],"collection":[{"href":"https:\/\/sundar.be\/fr\/wp-json\/wp\/v2\/product"}],"about":[{"href":"https:\/\/sundar.be\/fr\/wp-json\/wp\/v2\/types\/product"}],"replies":[{"embeddable":true,"href":"https:\/\/sundar.be\/fr\/wp-json\/wp\/v2\/comments?post=13480"}],"wp:featuredmedia":[{"embeddable":true,"href":"https:\/\/sundar.be\/fr\/wp-json\/wp\/v2\/media\/19526"}],"wp:attachment":[{"href":"https:\/\/sundar.be\/fr\/wp-json\/wp\/v2\/media?parent=13480"}],"wp:term":[{"taxonomy":"product_brand","embeddable":true,"href":"https:\/\/sundar.be\/fr\/wp-json\/wp\/v2\/product_brand?post=13480"},{"taxonomy":"product_cat","embeddable":true,"href":"https:\/\/sundar.be\/fr\/wp-json\/wp\/v2\/product_cat?post=13480"},{"taxonomy":"product_tag","embeddable":true,"href":"https:\/\/sundar.be\/fr\/wp-json\/wp\/v2\/product_tag?post=13480"}],"curies":[{"name":"wp","href":"https:\/\/api.w.org\/{rel}","templated":true}]}}