{"id":13432,"date":"2021-09-29T14:30:30","date_gmt":"2021-09-29T12:30:30","guid":{"rendered":"https:\/\/sundar.be\/product\/pastel-fine-lines\/"},"modified":"2025-11-25T15:33:30","modified_gmt":"2025-11-25T14:33:30","slug":"lime-pastel","status":"publish","type":"product","link":"https:\/\/sundar.be\/fr\/produit\/lime-pastel\/","title":{"rendered":"LCN Pastel Lime"},"content":{"rendered":"<p>Lime \u00e9meri disponible en plusieurs grains.<br \/>\n&#8211; Nettoyable avec un spray d\u00e9sinfectant<br \/>\n&#8211; 1 pi\u00e8ce<\/p>\n","protected":false},"excerpt":{"rendered":"<p>Lime \u00e9meri disponible en plusieurs grains. &#8211; Nettoyable avec un spray d\u00e9sinfectant &#8211; 1 pi\u00e8ce<\/p>\n","protected":false},"featured_media":35632,"comment_status":"closed","ping_status":"closed","template":"","meta":{"_acf_changed":false},"product_brand":[],"product_cat":[4936,5629,1535,5632,1532,4949,4761],"product_tag":[2715],"class_list":{"0":"post-13432","1":"product","2":"type-product","3":"status-publish","4":"has-post-thumbnail","6":"product_cat-lcn-fr","7":"product_cat-manucure-limes","8":"product_cat-limes-fr","9":"product_cat-limes-droites","10":"product_cat-materiels","11":"product_cat-lcn-ongles-artificiels","12":"product_cat-pose-ongles","13":"product_tag-lcn-fr","14":"pa_grit-grit-100-100-fr","15":"pa_grit-grit-150-150-fr","16":"pa_grit-grit-320-320-fr","18":"first","19":"instock","20":"taxable","21":"shipping-taxable","22":"product-type-variable"},"acf":[],"_links":{"self":[{"href":"https:\/\/sundar.be\/fr\/wp-json\/wp\/v2\/product\/13432","targetHints":{"allow":["GET"]}}],"collection":[{"href":"https:\/\/sundar.be\/fr\/wp-json\/wp\/v2\/product"}],"about":[{"href":"https:\/\/sundar.be\/fr\/wp-json\/wp\/v2\/types\/product"}],"replies":[{"embeddable":true,"href":"https:\/\/sundar.be\/fr\/wp-json\/wp\/v2\/comments?post=13432"}],"wp:featuredmedia":[{"embeddable":true,"href":"https:\/\/sundar.be\/fr\/wp-json\/wp\/v2\/media\/35632"}],"wp:attachment":[{"href":"https:\/\/sundar.be\/fr\/wp-json\/wp\/v2\/media?parent=13432"}],"wp:term":[{"taxonomy":"product_brand","embeddable":true,"href":"https:\/\/sundar.be\/fr\/wp-json\/wp\/v2\/product_brand?post=13432"},{"taxonomy":"product_cat","embeddable":true,"href":"https:\/\/sundar.be\/fr\/wp-json\/wp\/v2\/product_cat?post=13432"},{"taxonomy":"product_tag","embeddable":true,"href":"https:\/\/sundar.be\/fr\/wp-json\/wp\/v2\/product_tag?post=13432"}],"curies":[{"name":"wp","href":"https:\/\/api.w.org\/{rel}","templated":true}]}}