{"id":13342,"date":"2021-09-29T14:29:10","date_gmt":"2021-09-29T12:29:10","guid":{"rendered":"https:\/\/sundar.be\/product\/natural-nail-boost-gel\/"},"modified":"2025-11-25T15:33:27","modified_gmt":"2025-11-25T14:33:27","slug":"natural-nail-boost-gel","status":"publish","type":"product","link":"https:\/\/sundar.be\/fr\/produit\/natural-nail-boost-gel\/","title":{"rendered":"LCN Natural Nail Boost Gel Keratin, 10ml"},"content":{"rendered":"<p><span data-contrast=\"auto\">Natural Nail Boost Gel Keratin est un vernis gel permanent photopolym\u00e9risable et r\u00e9sistant aux solvants qui non seulement prot\u00e8ge mais aussi nourrit l&rsquo;ongle naturel. L&rsquo;ongle naturel est parfaitement uniforme apr\u00e8s le durcissement. Il a un pouvoir protecteur, nourrissant et stabilisant qui permet \u00e0 l&rsquo;ongle de se r\u00e9g\u00e9n\u00e9rer. De plus, il assure une surface parfaite de l&rsquo;ongle.<\/span><span data-ccp-props=\"{\"201341983\":0,\"335551550\":6,\"335551620\":6,\"335559739\":160,\"335559740\":259}\"> <\/span><\/p>\n<p>&nbsp;<\/p>\n","protected":false},"excerpt":{"rendered":"<p><span data-contrast=\"auto\">Natural Nail Boost Gel Keratin est un vernis gel permanent photopolym\u00e9risable et r\u00e9sistant aux solvants qui non seulement prot\u00e8ge mais aussi nourrit l&rsquo;ongle naturel. <\/span><\/p>\n","protected":false},"featured_media":28287,"comment_status":"closed","ping_status":"closed","template":"","meta":{"_acf_changed":false},"product_brand":[],"product_cat":[4951,6214,4936,6217,4949,6196],"product_tag":[2715],"class_list":{"0":"post-13342","1":"product","2":"type-product","3":"status-publish","4":"has-post-thumbnail","6":"product_cat-lcn-ongles-artificiels-gels-uv-premium","7":"product_cat-lcn-ongles-artificielles-highlights","8":"product_cat-lcn-fr","9":"product_cat-lcn-ongles-artificielles-highlights-nnb","10":"product_cat-lcn-ongles-artificiels","11":"product_cat-lcn-ongles-artificielles-uv-gels-premium-reforcement-ongles-naturel","12":"product_tag-lcn-fr","13":"pa_kleur-keratin-clear","14":"pa_kleur-keratin-nude-charm","15":"pa_kleur-keratin-rose-glimmer","17":"first","18":"instock","19":"taxable","20":"shipping-taxable","21":"product-type-variable"},"acf":[],"_links":{"self":[{"href":"https:\/\/sundar.be\/fr\/wp-json\/wp\/v2\/product\/13342","targetHints":{"allow":["GET"]}}],"collection":[{"href":"https:\/\/sundar.be\/fr\/wp-json\/wp\/v2\/product"}],"about":[{"href":"https:\/\/sundar.be\/fr\/wp-json\/wp\/v2\/types\/product"}],"replies":[{"embeddable":true,"href":"https:\/\/sundar.be\/fr\/wp-json\/wp\/v2\/comments?post=13342"}],"wp:featuredmedia":[{"embeddable":true,"href":"https:\/\/sundar.be\/fr\/wp-json\/wp\/v2\/media\/28287"}],"wp:attachment":[{"href":"https:\/\/sundar.be\/fr\/wp-json\/wp\/v2\/media?parent=13342"}],"wp:term":[{"taxonomy":"product_brand","embeddable":true,"href":"https:\/\/sundar.be\/fr\/wp-json\/wp\/v2\/product_brand?post=13342"},{"taxonomy":"product_cat","embeddable":true,"href":"https:\/\/sundar.be\/fr\/wp-json\/wp\/v2\/product_cat?post=13342"},{"taxonomy":"product_tag","embeddable":true,"href":"https:\/\/sundar.be\/fr\/wp-json\/wp\/v2\/product_tag?post=13342"}],"curies":[{"name":"wp","href":"https:\/\/api.w.org\/{rel}","templated":true}]}}