{"id":33956,"date":"2023-12-07T16:04:59","date_gmt":"2023-12-07T15:04:59","guid":{"rendered":"https:\/\/sundar.be\/routines-de-soins-monteil\/"},"modified":"2023-12-07T16:04:59","modified_gmt":"2023-12-07T15:04:59","slug":"routines-de-soins-monteil","status":"publish","type":"page","link":"https:\/\/sundar.be\/fr\/routines-de-soins-monteil\/","title":{"rendered":"Routines de soins Monteil"},"content":{"rendered":"\t\t<div data-elementor-type=\"wp-page\" data-elementor-id=\"33956\" class=\"elementor elementor-33956 elementor-33750\" data-elementor-post-type=\"page\">\n\t\t\t\t<div class=\"elementor-element elementor-element-590d6f9 e-con-full e-flex e-con e-parent\" data-id=\"590d6f9\" data-element_type=\"container\" data-e-type=\"container\" data-settings=\"{&quot;background_background&quot;:&quot;classic&quot;}\">\n\t\t<div class=\"elementor-element elementor-element-c1a2463 e-con-full e-flex e-con e-child\" data-id=\"c1a2463\" data-element_type=\"container\" data-e-type=\"container\" data-settings=\"{&quot;background_background&quot;:&quot;classic&quot;}\">\n\t\t\t\t<\/div>\n\t\t<div class=\"elementor-element elementor-element-27c53bb e-con-full e-flex e-con e-child\" data-id=\"27c53bb\" data-element_type=\"container\" data-e-type=\"container\" data-settings=\"{&quot;background_background&quot;:&quot;classic&quot;}\">\n\t\t\t\t<\/div>\n\t\t<div class=\"elementor-element elementor-element-181600a e-con-full e-flex e-con e-child\" data-id=\"181600a\" data-element_type=\"container\" data-e-type=\"container\" data-settings=\"{&quot;background_background&quot;:&quot;classic&quot;}\">\n\t\t\t\t<\/div>\n\t\t\t\t<div class=\" elementor-element elementor-element-405e9c9 elementor-widget elementor-widget-image\" data-id=\"405e9c9\" data-element_type=\"widget\" data-e-type=\"widget\" data-widget_type=\"image.default\">\n\t\t\t\t<div class=\"elementor-widget-container\">\n\t\t\t\t\t\t\t\t\t\t\t\t\t\t\t<img fetchpriority=\"high\" decoding=\"async\" width=\"580\" height=\"580\" src=\"https:\/\/sundar.be\/wp-content\/uploads\/2023\/12\/droge-huid.jpg\" class=\"attachment-large size-large wp-image-33771\" alt=\"\" srcset=\"https:\/\/sundar.be\/wp-content\/uploads\/2023\/12\/droge-huid.jpg 580w, https:\/\/sundar.be\/wp-content\/uploads\/2023\/12\/droge-huid-300x300.jpg 300w, https:\/\/sundar.be\/wp-content\/uploads\/2023\/12\/droge-huid-150x150.jpg 150w\" sizes=\"(max-width: 580px) 100vw, 580px\">\t\t\t\t\t\t\t\t\t\t\t\t\t\t\t<\/div>\n\t\t\t\t<\/div>\n\t\t\t\t<\/div>\n\t\t<div class=\"elementor-element elementor-element-60f634e e-flex e-con-boxed e-con e-parent\" data-id=\"60f634e\" data-element_type=\"container\" data-e-type=\"container\" data-settings=\"{&quot;background_background&quot;:&quot;classic&quot;}\">\n\t\t\t\t\t<div class=\"e-con-inner\">\n\t\t<div class=\"elementor-element elementor-element-dbd4c55 e-con-full e-flex e-con e-child\" data-id=\"dbd4c55\" data-element_type=\"container\" data-e-type=\"container\">\n\t\t\t\t<div class=\" elementor-element elementor-element-7d4c1ea elementor-widget elementor-widget-heading\" data-id=\"7d4c1ea\" data-element_type=\"widget\" data-e-type=\"widget\" data-widget_type=\"heading.default\">\n\t\t\t\t<div class=\"elementor-widget-container\">\n\t\t\t\t\t<h3 class=\"elementor-heading-title elementor-size-default\">ROUTINES<br>DE SOINS<\/h3>\t\t\t\t<\/div>\n\t\t\t\t<\/div>\n\t\t\t\t<div class=\" elementor-element elementor-element-253deed elementor-widget elementor-widget-heading\" data-id=\"253deed\" data-element_type=\"widget\" data-e-type=\"widget\" data-widget_type=\"heading.default\">\n\t\t\t\t<div class=\"elementor-widget-container\">\n\t\t\t\t\t<h5 class=\"elementor-heading-title elementor-size-default\">Pour chaque type de peau<\/h5>\t\t\t\t<\/div>\n\t\t\t\t<\/div>\n\t\t\t\t<\/div>\n\t\t<div class=\"elementor-element elementor-element-fdd64e8 e-con-full e-flex e-con e-child\" data-id=\"fdd64e8\" data-element_type=\"container\" data-e-type=\"container\">\n\t\t\t\t<div class=\" elementor-element elementor-element-4594d74 elementor-widget elementor-widget-text-editor\" data-id=\"4594d74\" data-element_type=\"widget\" data-e-type=\"widget\" data-widget_type=\"text-editor.default\">\n\t\t\t\t<div class=\"elementor-widget-container\">\n\t\t\t\t\t\t\t\t\t<p>La peau est compos\u00e9e de diff\u00e9rents types de peau et d&rsquo;\u00e9tats cutan\u00e9s individuels, qui peuvent \u00eatre affect\u00e9s par divers facteurs internes et externes. Ceux-ci doivent faire l&rsquo;objet d&rsquo;une attention particuli\u00e8re. Trouvez votre routine de soins pour les besoins de votre peau avec des produits scientifiquement adapt\u00e9s.<\/p>\n\t\t\t\t\t\t\t\t<\/div>\n\t\t\t\t<\/div>\n\t\t\t\t<\/div>\n\t\t\t\t\t<\/div>\n\t\t\t\t<\/div>\n\t\t<div class=\"elementor-element elementor-element-eb4e3eb e-flex e-con-boxed e-con e-parent\" data-id=\"eb4e3eb\" data-element_type=\"container\" data-e-type=\"container\" data-settings=\"{&quot;background_background&quot;:&quot;classic&quot;}\">\n\t\t\t\t\t<div class=\"e-con-inner\">\n\t\t<div class=\"elementor-element elementor-element-8268d72 e-con-full e-flex e-con e-child\" data-id=\"8268d72\" data-element_type=\"container\" data-e-type=\"container\">\n\t\t\t\t<div class=\" elementor-element elementor-element-3727516 elementor-widget elementor-widget-image\" data-id=\"3727516\" data-element_type=\"widget\" data-e-type=\"widget\" data-widget_type=\"image.default\">\n\t\t\t\t<div class=\"elementor-widget-container\">\n\t\t\t\t\t\t\t\t\t\t\t\t\t\t\t<img decoding=\"async\" width=\"580\" height=\"580\" src=\"https:\/\/sundar.be\/wp-content\/uploads\/2023\/12\/anti-ageing.jpg\" class=\"attachment-large size-large wp-image-33769\" alt=\"\" srcset=\"https:\/\/sundar.be\/wp-content\/uploads\/2023\/12\/anti-ageing.jpg 580w, https:\/\/sundar.be\/wp-content\/uploads\/2023\/12\/anti-ageing-300x300.jpg 300w, https:\/\/sundar.be\/wp-content\/uploads\/2023\/12\/anti-ageing-150x150.jpg 150w\" sizes=\"(max-width: 580px) 100vw, 580px\">\t\t\t\t\t\t\t\t\t\t\t\t\t\t\t<\/div>\n\t\t\t\t<\/div>\n\t\t\t\t<\/div>\n\t\t<div class=\"elementor-element elementor-element-09340ac e-con-full e-flex e-con e-child\" data-id=\"09340ac\" data-element_type=\"container\" data-e-type=\"container\">\n\t\t\t\t<div class=\" elementor-element elementor-element-2057dbd elementor-widget elementor-widget-heading\" data-id=\"2057dbd\" data-element_type=\"widget\" data-e-type=\"widget\" data-widget_type=\"heading.default\">\n\t\t\t\t<div class=\"elementor-widget-container\">\n\t\t\t\t\t<h2 class=\"elementor-heading-title elementor-size-default\">ANTI-AGE<\/h2>\t\t\t\t<\/div>\n\t\t\t\t<\/div>\n\t\t\t\t<div class=\" elementor-element elementor-element-adb65dd elementor-widget elementor-widget-text-editor\" data-id=\"adb65dd\" data-element_type=\"widget\" data-e-type=\"widget\" data-widget_type=\"text-editor.default\">\n\t\t\t\t<div class=\"elementor-widget-container\">\n\t\t\t\t\t\t\t\t\t<p>Notre programme de soins anti-\u00e2ge est sp\u00e9cialement formul\u00e9 pour combattre et r\u00e9duire les premiers signes de rides. Les produits contenant des ingr\u00e9dients actifs hautement efficaces offrent un traitement cibl\u00e9 et tout ce dont vous avez besoin pour une routine anti-\u00e2ge efficace.<\/p>\n\t\t\t\t\t\t\t\t<\/div>\n\t\t\t\t<\/div>\n\t\t\t\t<div class=\" elementor-element elementor-element-10cc273 elementor-widget elementor-widget-button\" data-id=\"10cc273\" data-element_type=\"widget\" data-e-type=\"widget\" data-widget_type=\"button.default\">\n\t\t\t\t<div class=\"elementor-widget-container\">\n\t\t\t\t\t\t\t\t\t<div class=\"elementor-button-wrapper\">\n\t\t\t\t\t<a class=\"elementor-button elementor-button-link elementor-size-sm\" href=\"https:\/\/sundar.be\/anti-age\/?lang=fr\">\n\t\t\t\t\t\t<span class=\"elementor-button-content-wrapper\">\n\t\t\t\t\t\t\t\t\t<span class=\"elementor-button-text\">En savoir plus <\/span>\n\t\t\t\t\t<\/span>\n\t\t\t\t\t<\/a>\n\t\t\t\t<\/div>\n\t\t\t\t\t\t\t\t<\/div>\n\t\t\t\t<\/div>\n\t\t\t\t<\/div>\n\t\t\t\t\t<\/div>\n\t\t\t\t<\/div>\n\t\t<div class=\"elementor-element elementor-element-67b85f2 e-flex e-con-boxed e-con e-parent\" data-id=\"67b85f2\" data-element_type=\"container\" data-e-type=\"container\" data-settings=\"{&quot;background_background&quot;:&quot;classic&quot;}\">\n\t\t\t\t\t<div class=\"e-con-inner\">\n\t\t<div class=\"elementor-element elementor-element-35f34a8 e-con-full e-flex e-con e-child\" data-id=\"35f34a8\" data-element_type=\"container\" data-e-type=\"container\">\n\t\t\t\t<div class=\" elementor-element elementor-element-eb5e65a elementor-widget elementor-widget-heading\" data-id=\"eb5e65a\" data-element_type=\"widget\" data-e-type=\"widget\" data-widget_type=\"heading.default\">\n\t\t\t\t<div class=\"elementor-widget-container\">\n\t\t\t\t\t<h2 class=\"elementor-heading-title elementor-size-default\">PEAU S\u00c8CHE<\/h2>\t\t\t\t<\/div>\n\t\t\t\t<\/div>\n\t\t\t\t<div class=\" elementor-element elementor-element-129e661 elementor-widget elementor-widget-text-editor\" data-id=\"129e661\" data-element_type=\"widget\" data-e-type=\"widget\" data-widget_type=\"text-editor.default\">\n\t\t\t\t<div class=\"elementor-widget-container\">\n\t\t\t\t\t\t\t\t\t<p>La peau s\u00e8che du visage n\u00e9cessite des soins particuliers, une hydratation ad\u00e9quate et des produits de soin riches. Une routine de soins appropri\u00e9e peut aider \u00e0 augmenter la teneur en lipides de la peau, qui agit comme une barri\u00e8re protectrice contre la perte d&rsquo;hydratation. Nos produits, sp\u00e9cialement con\u00e7us pour les peaux s\u00e8ches, hydratent intens\u00e9ment.<\/p>\n\t\t\t\t\t\t\t\t<\/div>\n\t\t\t\t<\/div>\n\t\t\t\t<div class=\" elementor-element elementor-element-9aa996c elementor-align-right elementor-widget elementor-widget-button\" data-id=\"9aa996c\" data-element_type=\"widget\" data-e-type=\"widget\" data-widget_type=\"button.default\">\n\t\t\t\t<div class=\"elementor-widget-container\">\n\t\t\t\t\t\t\t\t\t<div class=\"elementor-button-wrapper\">\n\t\t\t\t\t<a class=\"elementor-button elementor-button-link elementor-size-sm\" href=\"https:\/\/sundar.be\/peau-seche\/?lang=fr\">\n\t\t\t\t\t\t<span class=\"elementor-button-content-wrapper\">\n\t\t\t\t\t\t\t\t\t<span class=\"elementor-button-text\">En savoir plus<\/span>\n\t\t\t\t\t<\/span>\n\t\t\t\t\t<\/a>\n\t\t\t\t<\/div>\n\t\t\t\t\t\t\t\t<\/div>\n\t\t\t\t<\/div>\n\t\t\t\t<\/div>\n\t\t<div class=\"elementor-element elementor-element-ae6dcff e-con-full e-flex e-con e-child\" data-id=\"ae6dcff\" data-element_type=\"container\" data-e-type=\"container\">\n\t\t\t\t<div class=\" elementor-element elementor-element-729101c elementor-widget elementor-widget-image\" data-id=\"729101c\" data-element_type=\"widget\" data-e-type=\"widget\" data-widget_type=\"image.default\">\n\t\t\t\t<div class=\"elementor-widget-container\">\n\t\t\t\t\t\t\t\t\t\t\t\t\t\t\t<img fetchpriority=\"high\" decoding=\"async\" width=\"580\" height=\"580\" src=\"https:\/\/sundar.be\/wp-content\/uploads\/2023\/12\/droge-huid.jpg\" class=\"attachment-large size-large wp-image-33771\" alt=\"\" srcset=\"https:\/\/sundar.be\/wp-content\/uploads\/2023\/12\/droge-huid.jpg 580w, https:\/\/sundar.be\/wp-content\/uploads\/2023\/12\/droge-huid-300x300.jpg 300w, https:\/\/sundar.be\/wp-content\/uploads\/2023\/12\/droge-huid-150x150.jpg 150w\" sizes=\"(max-width: 580px) 100vw, 580px\">\t\t\t\t\t\t\t\t\t\t\t\t\t\t\t<\/div>\n\t\t\t\t<\/div>\n\t\t\t\t<\/div>\n\t\t\t\t\t<\/div>\n\t\t\t\t<\/div>\n\t\t<div class=\"elementor-element elementor-element-838d2dc e-flex e-con-boxed e-con e-parent\" data-id=\"838d2dc\" data-element_type=\"container\" data-e-type=\"container\" data-settings=\"{&quot;background_background&quot;:&quot;classic&quot;}\">\n\t\t\t\t\t<div class=\"e-con-inner\">\n\t\t<div class=\"elementor-element elementor-element-3164ee9 e-con-full e-flex e-con e-child\" data-id=\"3164ee9\" data-element_type=\"container\" data-e-type=\"container\">\n\t\t\t\t<div class=\" elementor-element elementor-element-c753f8e elementor-widget elementor-widget-image\" data-id=\"c753f8e\" data-element_type=\"widget\" data-e-type=\"widget\" data-widget_type=\"image.default\">\n\t\t\t\t<div class=\"elementor-widget-container\">\n\t\t\t\t\t\t\t\t\t\t\t\t\t\t\t<img decoding=\"async\" width=\"580\" height=\"580\" src=\"https:\/\/sundar.be\/wp-content\/uploads\/2023\/12\/gevoelige-huid.jpg\" class=\"attachment-large size-large wp-image-33773\" alt=\"\" srcset=\"https:\/\/sundar.be\/wp-content\/uploads\/2023\/12\/gevoelige-huid.jpg 580w, https:\/\/sundar.be\/wp-content\/uploads\/2023\/12\/gevoelige-huid-300x300.jpg 300w, https:\/\/sundar.be\/wp-content\/uploads\/2023\/12\/gevoelige-huid-150x150.jpg 150w\" sizes=\"(max-width: 580px) 100vw, 580px\">\t\t\t\t\t\t\t\t\t\t\t\t\t\t\t<\/div>\n\t\t\t\t<\/div>\n\t\t\t\t<\/div>\n\t\t<div class=\"elementor-element elementor-element-fdda241 e-con-full e-flex e-con e-child\" data-id=\"fdda241\" data-element_type=\"container\" data-e-type=\"container\">\n\t\t\t\t<div class=\" elementor-element elementor-element-9d1acf4 elementor-widget elementor-widget-heading\" data-id=\"9d1acf4\" data-element_type=\"widget\" data-e-type=\"widget\" data-widget_type=\"heading.default\">\n\t\t\t\t<div class=\"elementor-widget-container\">\n\t\t\t\t\t<h2 class=\"elementor-heading-title elementor-size-default\">PEAU SENSIBLE<\/h2>\t\t\t\t<\/div>\n\t\t\t\t<\/div>\n\t\t\t\t<div class=\" elementor-element elementor-element-256c028 elementor-widget elementor-widget-text-editor\" data-id=\"256c028\" data-element_type=\"widget\" data-e-type=\"widget\" data-widget_type=\"text-editor.default\">\n\t\t\t\t<div class=\"elementor-widget-container\">\n\t\t\t\t\t\t\t\t\t<p>La peau sensible peut provoquer des d\u00e9mangeaisons, des rougeurs douloureuses et des irritations et n\u00e9cessite des soins particuliers car sa barri\u00e8re cutan\u00e9e naturelle est affaiblie. Si vous avez la peau sensible, vous avez besoin de soins sp\u00e9ciaux sans ingr\u00e9dients irritants tels que l&rsquo;alcool, les parfums et les colorants. Notre s\u00e9rie SOLUTIONS SENSITIVE est particuli\u00e8rement adapt\u00e9e aux peaux sensibles.<\/p>\n\t\t\t\t\t\t\t\t<\/div>\n\t\t\t\t<\/div>\n\t\t\t\t<div class=\" elementor-element elementor-element-0837bb6 elementor-widget elementor-widget-button\" data-id=\"0837bb6\" data-element_type=\"widget\" data-e-type=\"widget\" data-widget_type=\"button.default\">\n\t\t\t\t<div class=\"elementor-widget-container\">\n\t\t\t\t\t\t\t\t\t<div class=\"elementor-button-wrapper\">\n\t\t\t\t\t<a class=\"elementor-button elementor-button-link elementor-size-sm\" href=\"https:\/\/sundar.be\/peau-sensible\/?lang=fr\">\n\t\t\t\t\t\t<span class=\"elementor-button-content-wrapper\">\n\t\t\t\t\t\t\t\t\t<span class=\"elementor-button-text\">En savoir plus<\/span>\n\t\t\t\t\t<\/span>\n\t\t\t\t\t<\/a>\n\t\t\t\t<\/div>\n\t\t\t\t\t\t\t\t<\/div>\n\t\t\t\t<\/div>\n\t\t\t\t<\/div>\n\t\t\t\t\t<\/div>\n\t\t\t\t<\/div>\n\t\t<div class=\"elementor-element elementor-element-5c933cd e-flex e-con-boxed e-con e-parent\" data-id=\"5c933cd\" data-element_type=\"container\" data-e-type=\"container\" data-settings=\"{&quot;background_background&quot;:&quot;classic&quot;}\">\n\t\t\t\t\t<div class=\"e-con-inner\">\n\t\t<div class=\"elementor-element elementor-element-43b9424 e-con-full e-flex e-con e-child\" data-id=\"43b9424\" data-element_type=\"container\" data-e-type=\"container\">\n\t\t\t\t<div class=\" elementor-element elementor-element-59410e8 elementor-widget elementor-widget-heading\" data-id=\"59410e8\" data-element_type=\"widget\" data-e-type=\"widget\" data-widget_type=\"heading.default\">\n\t\t\t\t<div class=\"elementor-widget-container\">\n\t\t\t\t\t<h2 class=\"elementor-heading-title elementor-size-default\">PEAU GRASSE \u00c0 IMPERFECTIONS<\/h2>\t\t\t\t<\/div>\n\t\t\t\t<\/div>\n\t\t\t\t<div class=\" elementor-element elementor-element-8698033 elementor-widget elementor-widget-text-editor\" data-id=\"8698033\" data-element_type=\"widget\" data-e-type=\"widget\" data-widget_type=\"text-editor.default\">\n\t\t\t\t<div class=\"elementor-widget-container\">\n\t\t\t\t\t\t\t\t\t<p>Pour le traitement cibl\u00e9 des peaux \u00e0 imperfections, notre ligne SOLUTIONS CLARIFY vous propose des produits de soins orient\u00e9s vers la solution avec des principes actifs hautement efficaces qui r\u00e9duisent les impuret\u00e9s, les pores gras et dilat\u00e9s et qui ont un effet r\u00e9gulateur sur la peau.<\/p>\n\t\t\t\t\t\t\t\t<\/div>\n\t\t\t\t<\/div>\n\t\t\t\t<div class=\" elementor-element elementor-element-77bcc15 elementor-align-right elementor-widget elementor-widget-button\" data-id=\"77bcc15\" data-element_type=\"widget\" data-e-type=\"widget\" data-widget_type=\"button.default\">\n\t\t\t\t<div class=\"elementor-widget-container\">\n\t\t\t\t\t\t\t\t\t<div class=\"elementor-button-wrapper\">\n\t\t\t\t\t<a class=\"elementor-button elementor-button-link elementor-size-sm\" href=\"https:\/\/sundar.be\/onzuivere-vette-huid\/\">\n\t\t\t\t\t\t<span class=\"elementor-button-content-wrapper\">\n\t\t\t\t\t\t\t\t\t<span class=\"elementor-button-text\">En savoir plus<\/span>\n\t\t\t\t\t<\/span>\n\t\t\t\t\t<\/a>\n\t\t\t\t<\/div>\n\t\t\t\t\t\t\t\t<\/div>\n\t\t\t\t<\/div>\n\t\t\t\t<\/div>\n\t\t<div class=\"elementor-element elementor-element-bc6efa9 e-con-full e-flex e-con e-child\" data-id=\"bc6efa9\" data-element_type=\"container\" data-e-type=\"container\">\n\t\t\t\t<div class=\" elementor-element elementor-element-4352e11 elementor-widget elementor-widget-image\" data-id=\"4352e11\" data-element_type=\"widget\" data-e-type=\"widget\" data-widget_type=\"image.default\">\n\t\t\t\t<div class=\"elementor-widget-container\">\n\t\t\t\t\t\t\t\t\t\t\t\t\t\t\t<img loading=\"lazy\" decoding=\"async\" width=\"580\" height=\"580\" src=\"https:\/\/sundar.be\/wp-content\/uploads\/2023\/12\/onzuivere-huid.jpg\" class=\"attachment-large size-large wp-image-33775\" alt=\"\" srcset=\"https:\/\/sundar.be\/wp-content\/uploads\/2023\/12\/onzuivere-huid.jpg 580w, https:\/\/sundar.be\/wp-content\/uploads\/2023\/12\/onzuivere-huid-300x300.jpg 300w, https:\/\/sundar.be\/wp-content\/uploads\/2023\/12\/onzuivere-huid-150x150.jpg 150w\" sizes=\"(max-width: 580px) 100vw, 580px\">\t\t\t\t\t\t\t\t\t\t\t\t\t\t\t<\/div>\n\t\t\t\t<\/div>\n\t\t\t\t<\/div>\n\t\t\t\t\t<\/div>\n\t\t\t\t<\/div>\n\t\t<div class=\"elementor-element elementor-element-6296e06 e-flex e-con-boxed e-con e-parent\" data-id=\"6296e06\" data-element_type=\"container\" data-e-type=\"container\" data-settings=\"{&quot;background_background&quot;:&quot;classic&quot;}\">\n\t\t\t\t\t<div class=\"e-con-inner\">\n\t\t<div class=\"elementor-element elementor-element-81f1ea2 e-con-full e-flex e-con e-child\" data-id=\"81f1ea2\" data-element_type=\"container\" data-e-type=\"container\">\n\t\t\t\t<div class=\" elementor-element elementor-element-4a4c235 elementor-widget elementor-widget-image\" data-id=\"4a4c235\" data-element_type=\"widget\" data-e-type=\"widget\" data-widget_type=\"image.default\">\n\t\t\t\t<div class=\"elementor-widget-container\">\n\t\t\t\t\t\t\t\t\t\t\t\t\t\t\t<img loading=\"lazy\" decoding=\"async\" width=\"580\" height=\"580\" src=\"https:\/\/sundar.be\/wp-content\/uploads\/2023\/12\/ongelijkmatige-teint.jpg\" class=\"attachment-large size-large wp-image-33777\" alt=\"\" srcset=\"https:\/\/sundar.be\/wp-content\/uploads\/2023\/12\/ongelijkmatige-teint.jpg 580w, https:\/\/sundar.be\/wp-content\/uploads\/2023\/12\/ongelijkmatige-teint-300x300.jpg 300w, https:\/\/sundar.be\/wp-content\/uploads\/2023\/12\/ongelijkmatige-teint-150x150.jpg 150w\" sizes=\"(max-width: 580px) 100vw, 580px\">\t\t\t\t\t\t\t\t\t\t\t\t\t\t\t<\/div>\n\t\t\t\t<\/div>\n\t\t\t\t<\/div>\n\t\t<div class=\"elementor-element elementor-element-cc8dc60 e-con-full e-flex e-con e-child\" data-id=\"cc8dc60\" data-element_type=\"container\" data-e-type=\"container\">\n\t\t\t\t<div class=\" elementor-element elementor-element-0432ef0 elementor-widget elementor-widget-heading\" data-id=\"0432ef0\" data-element_type=\"widget\" data-e-type=\"widget\" data-widget_type=\"heading.default\">\n\t\t\t\t<div class=\"elementor-widget-container\">\n\t\t\t\t\t<h2 class=\"elementor-heading-title elementor-size-default\">TEINT IRR\u00c9GULIER<\/h2>\t\t\t\t<\/div>\n\t\t\t\t<\/div>\n\t\t\t\t<div class=\" elementor-element elementor-element-edad264 elementor-widget elementor-widget-text-editor\" data-id=\"edad264\" data-element_type=\"widget\" data-e-type=\"widget\" data-widget_type=\"text-editor.default\">\n\t\t\t\t<div class=\"elementor-widget-container\">\n\t\t\t\t\t\t\t\t\t<p>Un teint in\u00e9gal, caus\u00e9 par des taches pigmentaires, par exemple, peut affecter n\u00e9gativement l&rsquo;apparence de la peau et \u00eatre source d&rsquo;insatisfaction. Une routine efficace de soins de la pigmentation du visage peut aider \u00e0 les minimiser et \u00e0 pr\u00e9venir l&rsquo;apparition de nouvelles taches pigmentaires. Votre peau est r\u00e9g\u00e9n\u00e9r\u00e9e et retrouve un teint uniforme.<\/p>\n\t\t\t\t\t\t\t\t<\/div>\n\t\t\t\t<\/div>\n\t\t\t\t<div class=\" elementor-element elementor-element-34e815b elementor-widget elementor-widget-button\" data-id=\"34e815b\" data-element_type=\"widget\" data-e-type=\"widget\" data-widget_type=\"button.default\">\n\t\t\t\t<div class=\"elementor-widget-container\">\n\t\t\t\t\t\t\t\t\t<div class=\"elementor-button-wrapper\">\n\t\t\t\t\t<a class=\"elementor-button elementor-button-link elementor-size-sm\" href=\"https:\/\/sundar.be\/ongelijkmatige-teint\/\">\n\t\t\t\t\t\t<span class=\"elementor-button-content-wrapper\">\n\t\t\t\t\t\t\t\t\t<span class=\"elementor-button-text\">En savoir plus<\/span>\n\t\t\t\t\t<\/span>\n\t\t\t\t\t<\/a>\n\t\t\t\t<\/div>\n\t\t\t\t\t\t\t\t<\/div>\n\t\t\t\t<\/div>\n\t\t\t\t<\/div>\n\t\t\t\t\t<\/div>\n\t\t\t\t<\/div>\n\t\t\t\t<\/div>\n\t\t","protected":false},"excerpt":{"rendered":"<p>ROUTINESDE SOINS Pour chaque type de peau La peau est compos\u00e9e de diff\u00e9rents types de peau et d&rsquo;\u00e9tats cutan\u00e9s individuels, qui peuvent \u00eatre affect\u00e9s par divers facteurs internes et externes. Ceux-ci doivent faire l&rsquo;objet d&rsquo;une attention particuli\u00e8re. Trouvez votre routine de soins pour les besoins de votre peau avec des produits scientifiquement adapt\u00e9s. ANTI-AGE Notre [&hellip;]<\/p>\n","protected":false},"author":362,"featured_media":0,"parent":0,"menu_order":0,"comment_status":"closed","ping_status":"closed","template":"elementor_header_footer","meta":{"_acf_changed":false,"footnotes":""},"class_list":["post-33956","page","type-page","status-publish","hentry"],"acf":[],"_links":{"self":[{"href":"https:\/\/sundar.be\/fr\/wp-json\/wp\/v2\/pages\/33956","targetHints":{"allow":["GET"]}}],"collection":[{"href":"https:\/\/sundar.be\/fr\/wp-json\/wp\/v2\/pages"}],"about":[{"href":"https:\/\/sundar.be\/fr\/wp-json\/wp\/v2\/types\/page"}],"author":[{"embeddable":true,"href":"https:\/\/sundar.be\/fr\/wp-json\/wp\/v2\/users\/362"}],"replies":[{"embeddable":true,"href":"https:\/\/sundar.be\/fr\/wp-json\/wp\/v2\/comments?post=33956"}],"version-history":[{"count":0,"href":"https:\/\/sundar.be\/fr\/wp-json\/wp\/v2\/pages\/33956\/revisions"}],"wp:attachment":[{"href":"https:\/\/sundar.be\/fr\/wp-json\/wp\/v2\/media?parent=33956"}],"curies":[{"name":"wp","href":"https:\/\/api.w.org\/{rel}","templated":true}]}}