{"id":17755,"date":"2021-10-12T13:57:56","date_gmt":"2021-10-12T11:57:56","guid":{"rendered":"https:\/\/sundar.be\/?page_id=17755"},"modified":"2024-10-11T09:21:56","modified_gmt":"2024-10-11T07:21:56","slug":"conditions-generales","status":"publish","type":"page","link":"https:\/\/sundar.be\/fr\/conditions-generales\/","title":{"rendered":"Conditions g\u00e9n\u00e9rales"},"content":{"rendered":"\t\t<div data-elementor-type=\"wp-page\" data-elementor-id=\"17755\" class=\"elementor elementor-17755 elementor-17651\" data-elementor-post-type=\"page\">\n\t\t\t\t\t\t\r\n\t\t<section\t\t class=\" elementor-section elementor-top-section elementor-element elementor-element-9983ab4 elementor-section-boxed elementor-section-height-default elementor-section-height-default\" data-id=\"9983ab4\" data-element_type=\"section\" data-e-type=\"section\">\r\n\t\t\r\n\t\t\t\t\t\t\t\t\t\t<div class=\"elementor-container elementor-column-gap-default\" >\r\n\r\n\t\t\t\t\r\n\t\t\t\t\t\t\t\t\t\t\t\t\t\t<div\t\t class=\" elementor-column elementor-col-100 elementor-top-column elementor-element elementor-element-3e24c19\" data-id=\"3e24c19\" data-element_type=\"column\" data-e-type=\"column\">\r\n\t\t\t\r\n\t\t\t\r\n\t\t\t\r\n\t\t\t<div class=\"elementor-widget-wrap elementor-element-populated\">\r\n\t\t\t\t\t\t\t\t<div class=\" elementor-element elementor-element-aa096a1 elementor-widget elementor-widget-text-editor\" data-id=\"aa096a1\" data-element_type=\"widget\" data-e-type=\"widget\" data-widget_type=\"text-editor.default\">\n\t\t\t\t<div class=\"elementor-widget-container\">\n\t\t\t\t\t\t\t\t\t<p><span style=\"font-weight: 400;\">Livraison gratuite pour toute commande sup\u00e9rieure \u00e0 150 \u20ac *excl.\u00a0 TVA.<\/span><\/p><h2><b>CONDITIONS G\u00c9N\u00c9RALES<\/b><b><br \/><\/b><\/h2><p><span style=\"font-weight: 400;\">Coordonn\u00e9es de l&rsquo;entreprise :<\/span><\/p><p><span style=\"font-weight: 400;\">Sundar BV<\/span><span style=\"font-weight: 400;\"><br \/><\/span><span style=\"font-weight: 400;\">Schalmei 27<\/span><span style=\"font-weight: 400;\"><br \/><\/span><span style=\"font-weight: 400;\">2970 Schilde<br \/><\/span><span style=\"background-color: var(--rio-page-wrapper-bg-color); color: var(--rio-body-color); font-family: var(--rio-body-font-family),sans-serif; font-size: var(--rio-body-font-size); letter-spacing: var(--rio-body-letter-spacing); text-transform: var(--rio-body-text-transform);\">BTW BE 0768538720<\/span><\/p><p><b>Article 1 : Dispositions g\u00e9n\u00e9rales<\/b><\/p><p><span style=\"font-weight: 400;\">Le site de commerce \u00e9lectronique de Sundar BV, dont le si\u00e8ge social est situ\u00e9 \u00e0 Schalmei 27, 2970 Schilde, TVA BE 0768538720, (ci-apr\u00e8s d\u00e9nomm\u00e9 \u00ab\u00a0Sundar\u00a0\u00bb) offre \u00e0 ses clients la possibilit\u00e9 d&rsquo;acheter en ligne les produits de sa boutique en ligne.<\/span><span style=\"font-weight: 400;\"><br \/><\/span><span style=\"font-weight: 400;\">Les pr\u00e9sentes conditions g\u00e9n\u00e9rales (\u00ab\u00a0conditions g\u00e9n\u00e9rales\u00a0\u00bb) s&rsquo;appliquent \u00e0 toute commande pass\u00e9e par un visiteur de ce site de commerce \u00e9lectronique (\u00ab\u00a0client\u00a0\u00bb).\u00a0<\/span><\/p><p><span style=\"font-weight: 400;\">Lorsqu&rsquo;il passe une commande par l&rsquo;interm\u00e9diaire de la boutique en ligne de Sundar BV, le client doit accepter express\u00e9ment les pr\u00e9sentes conditions g\u00e9n\u00e9rales, convenant ainsi de l&rsquo;applicabilit\u00e9 de ces conditions g\u00e9n\u00e9rales \u00e0 l&rsquo;exclusion de toute autre condition. Les conditions suppl\u00e9mentaires du client sont exclues, sauf si elles ont \u00e9t\u00e9 pr\u00e9alablement, par \u00e9crit et express\u00e9ment accept\u00e9es par Sundar.<\/span><\/p><p><span style=\"font-weight: 400;\">Sundar bv ne vend pas aux consommateurs. Le client d\u00e9clare express\u00e9ment qu&rsquo;il n&rsquo;est pas un consommateur.<\/span><\/p><p><strong>Sundar est d\u00e9sormais soumis aux conditions g\u00e9n\u00e9rales de MSK Podiamed. Vous pouvez les consulter ici :<\/strong> <a href=\"https:\/\/msk.nl\/algemene-voorwaarden\/\" target=\"_blank\" rel=\"noopener\">https:\/\/msk.nl\/algemene-voorwaarden\/<\/a><\/p>\t\t\t\t\t\t\t\t<\/div>\n\t\t\t\t<\/div>\n\t\t\r\n\t\t\r\n\t\t\t\t\t\t\t<\/div>\r\n\t\t\t\r\n\t\t<\/div>\r\n\t\t\t\t\t\t\t\t\t\t\t\t\t\t\t\t\t<\/div>\r\n\t\t\t\t\t\t<\/section>\r\n\t\t\t\t<\/div>\n\t\t","protected":false},"excerpt":{"rendered":"<p>Livraison gratuite pour toute commande sup\u00e9rieure \u00e0 150 \u20ac *excl.\u00a0 TVA. CONDITIONS G\u00c9N\u00c9RALES Coordonn\u00e9es de l&rsquo;entreprise : Sundar BVSchalmei 272970 SchildeBTW BE 0768538720 Article 1 : Dispositions g\u00e9n\u00e9rales Le site de commerce \u00e9lectronique de Sundar BV, dont le si\u00e8ge social est situ\u00e9 \u00e0 Schalmei 27, 2970 Schilde, TVA BE 0768538720, (ci-apr\u00e8s d\u00e9nomm\u00e9 \u00ab\u00a0Sundar\u00a0\u00bb) offre \u00e0 [&hellip;]<\/p>\n","protected":false},"author":357,"featured_media":0,"parent":0,"menu_order":0,"comment_status":"closed","ping_status":"closed","template":"","meta":{"_acf_changed":false,"footnotes":""},"class_list":["post-17755","page","type-page","status-publish","hentry"],"acf":[],"_links":{"self":[{"href":"https:\/\/sundar.be\/fr\/wp-json\/wp\/v2\/pages\/17755","targetHints":{"allow":["GET"]}}],"collection":[{"href":"https:\/\/sundar.be\/fr\/wp-json\/wp\/v2\/pages"}],"about":[{"href":"https:\/\/sundar.be\/fr\/wp-json\/wp\/v2\/types\/page"}],"author":[{"embeddable":true,"href":"https:\/\/sundar.be\/fr\/wp-json\/wp\/v2\/users\/357"}],"replies":[{"embeddable":true,"href":"https:\/\/sundar.be\/fr\/wp-json\/wp\/v2\/comments?post=17755"}],"version-history":[{"count":0,"href":"https:\/\/sundar.be\/fr\/wp-json\/wp\/v2\/pages\/17755\/revisions"}],"wp:attachment":[{"href":"https:\/\/sundar.be\/fr\/wp-json\/wp\/v2\/media?parent=17755"}],"curies":[{"name":"wp","href":"https:\/\/api.w.org\/{rel}","templated":true}]}}