{"id":17695,"date":"2021-10-12T11:54:09","date_gmt":"2021-10-12T09:54:09","guid":{"rendered":"https:\/\/sundar.be\/?page_id=17695"},"modified":"2023-08-31T10:34:06","modified_gmt":"2023-08-31T08:34:06","slug":"a-propos-de-sundar","status":"publish","type":"page","link":"https:\/\/sundar.be\/fr\/a-propos-de-sundar\/","title":{"rendered":"A propos de Sundar"},"content":{"rendered":"\t\t<div data-elementor-type=\"wp-page\" data-elementor-id=\"17695\" class=\"elementor elementor-17695 elementor-5706\" data-elementor-post-type=\"page\">\n\t\t\t\t\t\t\r\n\t\t<section\t\t class=\" elementor-section elementor-top-section elementor-element elementor-element-42233a5 elementor-section-boxed elementor-section-height-default elementor-section-height-default\" data-id=\"42233a5\" data-element_type=\"section\" data-e-type=\"section\">\r\n\t\t\r\n\t\t\t\t\t\t\t\t\t\t<div class=\"elementor-container elementor-column-gap-default\" >\r\n\r\n\t\t\t\t\r\n\t\t\t\t\t\t\t\t\t\t\t\t\t\t<div\t\t class=\" elementor-column elementor-col-50 elementor-top-column elementor-element elementor-element-bc21e75\" data-id=\"bc21e75\" data-element_type=\"column\" data-e-type=\"column\">\r\n\t\t\t\r\n\t\t\t\r\n\t\t\t\r\n\t\t\t<div class=\"elementor-widget-wrap elementor-element-populated\">\r\n\t\t\t\t\t\t\t\t<div class=\" elementor-element elementor-element-3c72558 elementor-widget elementor-widget-heading\" data-id=\"3c72558\" data-element_type=\"widget\" data-e-type=\"widget\" data-widget_type=\"heading.default\">\n\t\t\t\t<div class=\"elementor-widget-container\">\n\t\t\t\t\t<h1 class=\"elementor-heading-title elementor-size-default\">A propos de Sundar<\/h1>\t\t\t\t<\/div>\n\t\t\t\t<\/div>\n\t\t\t\t<div class=\" elementor-element elementor-element-f9e38cf elementor-widget elementor-widget-text-editor\" data-id=\"f9e38cf\" data-element_type=\"widget\" data-e-type=\"widget\" data-widget_type=\"text-editor.default\">\n\t\t\t\t<div class=\"elementor-widget-container\">\n\t\t\t\t\t\t\t\t\t<p>Sundar est le fournisseur de produits de beaut\u00e9 en ligne pour les esth\u00e9ticiennes, les p\u00e9dicures et les stylistes ongulaires, qu&rsquo;elles soient d\u00e9butantes ou professionnelles. Nous sommes le partenaire exclusif de LCN (Light Concept Nails) pour la Belgique et le Luxembourg. LCN est une soci\u00e9t\u00e9 allemande active sur le march\u00e9 des cosm\u00e9tiques depuis 1985. D\u00e9couvrez notre large gamme de produits pour <a href=\"https:\/\/sundar.be\/categorie-de-produit\/lcn-fr\/professional-nails-fr\/?lang=fr\">le modelage des ongles<\/a>, la <a href=\"https:\/\/sundar.be\/categorie-de-produit\/lcn-fr\/soin-de-pieds\/?lang=fr\">p\u00e9dicure<\/a>, le <a href=\"https:\/\/sundar.be\/categorie-de-produit\/lcn-fr\/soin-de-spa\/?lang=fr\">spa<\/a>, <a href=\"https:\/\/sundar.be\/categorie-de-produit\/lcn-fr\/sugaring-waxing-fr\/?lang=fr\">l&rsquo;\u00e9pilation<\/a> \u00e0 la cire, la <a href=\"https:\/\/sundar.be\/categorie-de-produit\/lcn-fr\/soin-des-ongles\/?lang=fr\">manucure<\/a> et le <a href=\"https:\/\/sundar.be\/categorie-de-produit\/lcn-fr\/soin-de-mains\/?lang=fr\">soin des mains<\/a>, le <a href=\"https:\/\/sundar.be\/categorie-de-produit\/lcn-fr\/permanent-make-up-fr\/?lang=fr\">PMU<\/a> et le <a href=\"https:\/\/sundar.be\/categorie-de-produit\/lcn-fr\/medical-beauty-2-fr\/?lang=fr\">Medical Beauty<\/a>.<\/p><p>Nous proposons \u00e9galement une large gamme de produits de soins du visage de la marque <a href=\"https:\/\/sundar.be\/categorie-de-produit\/monteil-fr\/?lang=fr\">Monteil<\/a>. MONTEIL COSMETICS INTERNATIONAL a vu le jour en 1936 et est consid\u00e9r\u00e9 comme le sp\u00e9cialiste de l&rsquo;anti-\u00e2ge pour une beaut\u00e9 intemporelle. L&rsquo;objectif de ses produits est de maintenir la jeunesse de la peau \u00e0 chaque \u00e9tape de la vie.<\/p><p>Besoin d&rsquo;un rafra\u00eechissement, d&rsquo;une remise \u00e0 niveau ou d&rsquo;une formation ? Nous proposons \u00e9galement <a href=\"https:\/\/sundar.be\/opleidingen\/?lang=fr\">des formations priv\u00e9es adapt\u00e9es<\/a> \u00e0 vos besoins et \u00e0 vos connaissances pr\u00e9alables. N&rsquo;h\u00e9sitez pas \u00e0 nous <a href=\"https:\/\/sundar.be\/contact\/?lang=fr\">contacter<\/a> pour une offre sur mesure.<\/p><p>Nous nous ferons un plaisir de pr\u00e9senter les produits dans votre salon. Vous pr\u00e9f\u00e9rez venir chez nous ? C&rsquo;est \u00e9galement possible, vous pouvez visiter le showroom \u00e0 Schilde sur rendez-vous pour voir et tester tous les produits \u00e0 votre guise.<\/p>\t\t\t\t\t\t\t\t<\/div>\n\t\t\t\t<\/div>\n\t\t\r\n\t\t\r\n\t\t\t\t\t\t\t<\/div>\r\n\t\t\t\r\n\t\t<\/div>\r\n\t\t\t\t<div\t\t class=\" elementor-column elementor-col-50 elementor-top-column elementor-element elementor-element-3f4123f\" data-id=\"3f4123f\" data-element_type=\"column\" data-e-type=\"column\">\r\n\t\t\t\r\n\t\t\t\r\n\t\t\t\r\n\t\t\t<div class=\"elementor-widget-wrap elementor-element-populated\">\r\n\t\t\t\t\t\t\t\t<div class=\" elementor-element elementor-element-e184584 elementor-widget elementor-widget-image\" data-id=\"e184584\" data-element_type=\"widget\" data-e-type=\"widget\" data-widget_type=\"image.default\">\n\t\t\t\t<div class=\"elementor-widget-container\">\n\t\t\t\t\t\t\t\t\t\t\t\t<figure class=\"wp-caption\">\n\t\t\t\t\t\t\t\t\t\t\t<a href=\"https:\/\/sundar.be\/wp-content\/uploads\/2023\/03\/Beurs-foto-Hannah.jpg\" data-elementor-open-lightbox=\"yes\" data-elementor-lightbox-title=\"Beurs foto Hannah\" data-e-action-hash=\"#elementor-action%3Aaction%3Dlightbox%26settings%3DeyJpZCI6Mjc0OTQsInVybCI6Imh0dHBzOlwvXC9zdW5kYXIuYmVcL3dwLWNvbnRlbnRcL3VwbG9hZHNcLzIwMjNcLzAzXC9CZXVycy1mb3RvLUhhbm5haC5qcGcifQ%3D%3D\">\n\t\t\t\t\t\t\t<img fetchpriority=\"high\" decoding=\"async\" width=\"785\" height=\"989\" src=\"https:\/\/sundar.be\/wp-content\/uploads\/2023\/03\/Beurs-foto-Hannah.jpg\" class=\"attachment-large size-large wp-image-27494\" alt=\"\" srcset=\"https:\/\/sundar.be\/wp-content\/uploads\/2023\/03\/Beurs-foto-Hannah.jpg 785w, https:\/\/sundar.be\/wp-content\/uploads\/2023\/03\/Beurs-foto-Hannah-600x756.jpg 600w, https:\/\/sundar.be\/wp-content\/uploads\/2023\/03\/Beurs-foto-Hannah-238x300.jpg 238w, https:\/\/sundar.be\/wp-content\/uploads\/2023\/03\/Beurs-foto-Hannah-768x968.jpg 768w, https:\/\/sundar.be\/wp-content\/uploads\/2023\/03\/Beurs-foto-Hannah-150x189.jpg 150w\" sizes=\"(max-width: 785px) 100vw, 785px\">\t\t\t\t\t\t\t\t<\/a>\n\t\t\t\t\t\t\t\t\t\t\t<figcaption class=\"widget-image-caption wp-caption-text\">Fondateur Hannah Graus<\/figcaption>\n\t\t\t\t\t\t\t\t\t\t<\/figure>\n\t\t\t\t\t\t\t\t\t<\/div>\n\t\t\t\t<\/div>\n\t\t\r\n\t\t\r\n\t\t\t\t\t\t\t<\/div>\r\n\t\t\t\r\n\t\t<\/div>\r\n\t\t\t\t\t\t\t\t\t\t\t\t\t\t\t\t\t<\/div>\r\n\t\t\t\t\t\t<\/section>\r\n\t\t<div class=\"elementor-element elementor-element-9964888 e-flex e-con-boxed e-con e-parent\" data-id=\"9964888\" data-element_type=\"container\" data-e-type=\"container\" data-settings=\"{&quot;background_background&quot;:&quot;classic&quot;}\">\n\t\t\t\t\t<div class=\"e-con-inner\">\n\t\t<div class=\"elementor-element elementor-element-9d645e7 e-con-full e-flex e-con e-parent\" data-id=\"9d645e7\" data-element_type=\"container\" data-e-type=\"container\">\n\t\t\t\t<div class=\" elementor-element elementor-element-66bb12c elementor-widget elementor-widget-text-editor\" data-id=\"66bb12c\" data-element_type=\"widget\" data-e-type=\"widget\" data-widget_type=\"text-editor.default\">\n\t\t\t\t<div class=\"elementor-widget-container\">\n\t\t\t\t\t\t\t\t\t<p>Hannah a fait de sa passion pour la beaut\u00e9 son m\u00e9tier. Avez-vous besoin d&rsquo;un interlocuteur avec une touche personnelle et de bonne humeur ?<br \/>Alors vous \u00eates au bon endroit. Vous pouvez toujours poser des <span style=\"text-decoration: underline;\"><a href=\"https:\/\/sundar.be\/contact\/?lang=fr\">questions<\/a> <\/span>ou obtenir de l&rsquo;aide dans divers domaines.<\/p>\t\t\t\t\t\t\t\t<\/div>\n\t\t\t\t<\/div>\n\t\t\t\t<\/div>\n\t\t\t\t\t<\/div>\n\t\t\t\t<\/div>\n\t\t<div class=\"elementor-element elementor-element-b47b15c e-flex e-con-boxed e-con e-parent\" data-id=\"b47b15c\" data-element_type=\"container\" data-e-type=\"container\">\n\t\t\t\t\t<div class=\"e-con-inner\">\n\t\t\t\t<div class=\" elementor-element elementor-element-f1e5fda elementor-widget elementor-widget-heading\" data-id=\"f1e5fda\" data-element_type=\"widget\" data-e-type=\"widget\" data-widget_type=\"heading.default\">\n\t\t\t\t<div class=\"elementor-widget-container\">\n\t\t\t\t\t<h4 class=\"elementor-heading-title elementor-size-default\">Partenaires<\/h4>\t\t\t\t<\/div>\n\t\t\t\t<\/div>\n\t\t\t\t\t<\/div>\n\t\t\t\t<\/div>\n\t\t\t\t\r\n\t\t<section\t\t class=\" elementor-section elementor-top-section elementor-element elementor-element-fd36527 elementor-section-boxed elementor-section-height-default elementor-section-height-default\" data-id=\"fd36527\" data-element_type=\"section\" data-e-type=\"section\">\r\n\t\t\r\n\t\t\t\t\t\t\t\t\t\t<div class=\"elementor-container elementor-column-gap-default\" >\r\n\r\n\t\t\t\t\r\n\t\t\t\t\t\t\t\t\t\t\t\t\t\t<div\t\t class=\" elementor-column elementor-col-50 elementor-top-column elementor-element elementor-element-90e052b\" data-id=\"90e052b\" data-element_type=\"column\" data-e-type=\"column\">\r\n\t\t\t\r\n\t\t\t\r\n\t\t\t\r\n\t\t\t<div class=\"elementor-widget-wrap elementor-element-populated\">\r\n\t\t\t\t\t\t\t\t<div class=\" elementor-element elementor-element-4375d65 elementor-position-top elementor-widget elementor-widget-image-box\" data-id=\"4375d65\" data-element_type=\"widget\" data-e-type=\"widget\" data-widget_type=\"image-box.default\">\n\t\t\t\t<div class=\"elementor-widget-container\">\n\t\t\t\t\t<div class=\"elementor-image-box-wrapper\"><figure class=\"elementor-image-box-img\"><img decoding=\"async\" src=\"https:\/\/sundar.be\/wp-content\/uploads\/2023\/03\/eric-bakker.jpg\" title=\"\" alt=\"\" loading=\"lazy\"><\/figure><div class=\"elementor-image-box-content\"><h3 class=\"elementor-image-box-title\">Eric Bakker<\/h3><p class=\"elementor-image-box-description\">Vous avez besoin de conseils financiers ou vous souhaitez cr\u00e9er votre propre entreprise ? Le cofondateur Eric Bakker a plus de 40 ans d'exp\u00e9rience en tant que chef d'entreprise dans la vie professionnelle.  <\/p><\/div><\/div>\t\t\t\t<\/div>\n\t\t\t\t<\/div>\n\t\t\r\n\t\t\r\n\t\t\t\t\t\t\t<\/div>\r\n\t\t\t\r\n\t\t<\/div>\r\n\t\t\t\t<div\t\t class=\" elementor-column elementor-col-50 elementor-top-column elementor-element elementor-element-deba021\" data-id=\"deba021\" data-element_type=\"column\" data-e-type=\"column\">\r\n\t\t\t\r\n\t\t\t\r\n\t\t\t\r\n\t\t\t<div class=\"elementor-widget-wrap elementor-element-populated\">\r\n\t\t\t\t\t\t\t\t<div class=\" elementor-element elementor-element-aaad1bd elementor-hidden-desktop elementor-hidden-tablet elementor-hidden-mobile elementor-position-top elementor-widget elementor-widget-image-box\" data-id=\"aaad1bd\" data-element_type=\"widget\" data-e-type=\"widget\" data-widget_type=\"image-box.default\">\n\t\t\t\t<div class=\"elementor-widget-container\">\n\t\t\t\t\t<div class=\"elementor-image-box-wrapper\"><figure class=\"elementor-image-box-img\"><img decoding=\"async\" src=\"https:\/\/sundar.be\/wp-content\/uploads\/2023\/03\/eric-bakker.jpg\" title=\"\" alt=\"\" loading=\"lazy\"><\/figure><div class=\"elementor-image-box-content\"><h3 class=\"elementor-image-box-title\">Naam vergeten<\/h3><p class=\"elementor-image-box-description\">Tekst volgt <\/p><\/div><\/div>\t\t\t\t<\/div>\n\t\t\t\t<\/div>\n\t\t\r\n\t\t\r\n\t\t\t\t\t\t\t<\/div>\r\n\t\t\t\r\n\t\t<\/div>\r\n\t\t\t\t\t\t\t\t\t\t\t\t\t\t\t\t\t<\/div>\r\n\t\t\t\t\t\t<\/section>\r\n\t\t\t\t<\/div>\n\t\t","protected":false},"excerpt":{"rendered":"<p>A propos de Sundar Sundar est le fournisseur de produits de beaut\u00e9 en ligne pour les esth\u00e9ticiennes, les p\u00e9dicures et les stylistes ongulaires, qu&rsquo;elles soient d\u00e9butantes ou professionnelles. Nous sommes le partenaire exclusif de LCN (Light Concept Nails) pour la Belgique et le Luxembourg. LCN est une soci\u00e9t\u00e9 allemande active sur le march\u00e9 des cosm\u00e9tiques [&hellip;]<\/p>\n","protected":false},"author":357,"featured_media":0,"parent":0,"menu_order":0,"comment_status":"closed","ping_status":"closed","template":"elementor_header_footer","meta":{"_acf_changed":false,"footnotes":""},"class_list":["post-17695","page","type-page","status-publish","hentry"],"acf":[],"_links":{"self":[{"href":"https:\/\/sundar.be\/fr\/wp-json\/wp\/v2\/pages\/17695","targetHints":{"allow":["GET"]}}],"collection":[{"href":"https:\/\/sundar.be\/fr\/wp-json\/wp\/v2\/pages"}],"about":[{"href":"https:\/\/sundar.be\/fr\/wp-json\/wp\/v2\/types\/page"}],"author":[{"embeddable":true,"href":"https:\/\/sundar.be\/fr\/wp-json\/wp\/v2\/users\/357"}],"replies":[{"embeddable":true,"href":"https:\/\/sundar.be\/fr\/wp-json\/wp\/v2\/comments?post=17695"}],"version-history":[{"count":0,"href":"https:\/\/sundar.be\/fr\/wp-json\/wp\/v2\/pages\/17695\/revisions"}],"wp:attachment":[{"href":"https:\/\/sundar.be\/fr\/wp-json\/wp\/v2\/media?parent=17695"}],"curies":[{"name":"wp","href":"https:\/\/api.w.org\/{rel}","templated":true}]}}