{"id":17681,"date":"2021-01-31T02:42:33","date_gmt":"2021-01-31T01:42:33","guid":{"rendered":"https:\/\/sundar.be\/faq\/"},"modified":"2025-11-30T11:06:14","modified_gmt":"2025-11-30T10:06:14","slug":"faq","status":"publish","type":"page","link":"https:\/\/sundar.be\/fr\/faq\/","title":{"rendered":"FAQ"},"content":{"rendered":"\t\t<div data-elementor-type=\"wp-page\" data-elementor-id=\"17681\" class=\"elementor elementor-17681 elementor-5550\" data-elementor-post-type=\"page\">\n\t\t\t\t\t\t\r\n\t\t<section\t\t class=\" elementor-section elementor-top-section elementor-element elementor-element-5654e1c elementor-section-boxed elementor-section-height-default elementor-section-height-default\" data-id=\"5654e1c\" data-element_type=\"section\" data-e-type=\"section\" data-settings=\"{&quot;background_background&quot;:&quot;classic&quot;}\">\r\n\t\t\r\n\t\t\t\t\t\t\t\t\t\t<div class=\"elementor-container elementor-column-gap-default\" >\r\n\r\n\t\t\t\t\r\n\t\t\t\t\t\t\t\t\t\t\t\t\t\t<div\t\t class=\" elementor-column elementor-col-100 elementor-top-column elementor-element elementor-element-7ac9276\" data-id=\"7ac9276\" data-element_type=\"column\" data-e-type=\"column\">\r\n\t\t\t\r\n\t\t\t\r\n\t\t\t\r\n\t\t\t<div class=\"elementor-widget-wrap elementor-element-populated\">\r\n\t\t\t\t\t\t\t\t<div class=\" elementor-element elementor-element-fccc73a elementor-widget elementor-widget-heading\" data-id=\"fccc73a\" data-element_type=\"widget\" data-e-type=\"widget\" data-widget_type=\"heading.default\">\n\t\t\t\t<div class=\"elementor-widget-container\">\n\t\t\t\t\t<h5 class=\"elementor-heading-title elementor-size-default\">QUESTIONS FR\u00c9QUEMMENT POS\u00c9ES<\/h5>\t\t\t\t<\/div>\n\t\t\t\t<\/div>\n\t\t\t\t<div class=\" elementor-element elementor-element-d515fea elementor-widget elementor-widget-heading\" data-id=\"d515fea\" data-element_type=\"widget\" data-e-type=\"widget\" data-widget_type=\"heading.default\">\n\t\t\t\t<div class=\"elementor-widget-container\">\n\t\t\t\t\t<h3 class=\"elementor-heading-title elementor-size-default\">Service \u00e0 la client\u00e8le<\/h3>\t\t\t\t<\/div>\n\t\t\t\t<\/div>\n\t\t\r\n\t\t\r\n\t\t\t\t\t\t\t<\/div>\r\n\t\t\t\r\n\t\t<\/div>\r\n\t\t\t\t\t\t\t\t\t\t\t\t\t\t\t\t\t<\/div>\r\n\t\t\t\t\t\t<\/section>\r\n\t\t\t\t\r\n\t\t<div\t\t class=\" elementor-section elementor-top-section elementor-element elementor-element-1cee337 elementor-section-boxed elementor-section-height-default elementor-section-height-default\" data-id=\"1cee337\" data-element_type=\"section\" data-e-type=\"section\">\r\n\t\t\r\n\t\t\t\t\t\t\t\t\t\t<div class=\"elementor-container elementor-column-gap-default\" >\r\n\r\n\t\t\t\t\r\n\t\t\t\t\t\t\t\t\t\t\t\t\t\t<div\t\t class=\" elementor-column elementor-col-50 elementor-top-column elementor-element elementor-element-00a8937 mb-4 mb-md-0\" data-id=\"00a8937\" data-element_type=\"column\" data-e-type=\"column\">\r\n\t\t\t\r\n\t\t\t\r\n\t\t\t\r\n\t\t\t<div class=\"elementor-widget-wrap elementor-element-populated\">\r\n\t\t\t\t\t\t\t\t<div class=\" elementor-element elementor-element-8a5e139 mb-5  elementor-widget elementor-widget-heading\" data-id=\"8a5e139\" data-element_type=\"widget\" data-e-type=\"widget\" data-widget_type=\"heading.default\">\n\t\t\t\t<div class=\"elementor-widget-container\">\n\t\t\t\t\t<h2 class=\"elementor-heading-title elementor-size-default\">Commande, paiement et exp\u00e9dition<\/h2>\t\t\t\t<\/div>\n\t\t\t\t<\/div>\n\t\t\t\t\r\n\t\t<div\t\t class=\" elementor-section elementor-inner-section elementor-element elementor-element-aa70e16 elementor-section-boxed elementor-section-height-default elementor-section-height-default\" data-id=\"aa70e16\" data-element_type=\"section\" data-e-type=\"section\">\r\n\t\t\r\n\t\t\t\t\t\t\t\t\t\t<div class=\"elementor-container elementor-column-gap-no accordion accordion-simple\" >\r\n\r\n\t\t\t\t\r\n\t\t\t\t\t\t\t\t\t\t\t\t\t\t<div\t\t class=\" card elementor-column elementor-col-20 elementor-inner-column elementor-element elementor-element-885ee04\" data-id=\"885ee04\" data-element_type=\"column\" data-e-type=\"column\">\r\n\t\t\t\t\t\t\t\t<div class=\"card-header\">\r\n\t\t\t\t\t\t<a href=\"885ee04\" class=\"collapse\">\r\n\t\t\t\t\t\t\t\t\t\t\t\t\t\t<span class=\"title\">Welke betalingsmogelijkheden heeft de webshop?<\/span>\r\n\t\t\t\t\t\t\t<span class=\"toggle-icon opened\"><i class=\"  d-icon-minus\"><\/i><\/span><span class=\"toggle-icon closed\"><i class=\"  d-icon-plus\"><\/i><\/span>\t\t\t\t\t\t<\/a>\r\n\t\t\t\t\t<\/div>\r\n\t\t\t\t\t\r\n\t\t\t\r\n\t\t\t\r\n\t\t\t<div id=\"885ee04\" class=\"card-body expanded elementor-widget-wrap elementor-element-populated\">\r\n\t\t\t\t\t\t\t\t<div class=\" elementor-element elementor-element-8f43c35 elementor-widget elementor-widget-text-editor\" data-id=\"8f43c35\" data-element_type=\"widget\" data-e-type=\"widget\" data-widget_type=\"text-editor.default\">\n\t\t\t\t<div class=\"elementor-widget-container\">\n\t\t\t\t\t\t\t\t\t<p class=\"p1\">La boutique en ligne n&rsquo;accepte pas actuellement les options de paiement par bancontact. Apr\u00e8s avoir pass\u00e9 une commande, vous recevrez un e-mail de confirmation d\u00e8s que la commande aura \u00e9t\u00e9 trait\u00e9e. Lorsque la commande est exp\u00e9di\u00e9e, vous recevez une facture que vous devez payer dans les 7 jours par virement bancaire.<\/p>\t\t\t\t\t\t\t\t<\/div>\n\t\t\t\t<\/div>\n\t\t\r\n\t\t\r\n\t\t\t\t\t\t\t<\/div>\r\n\t\t\t\r\n\t\t<\/div>\r\n\t\t\t\t<div\t\t class=\" card elementor-column elementor-col-20 elementor-inner-column elementor-element elementor-element-17d2e02\" data-id=\"17d2e02\" data-element_type=\"column\" data-e-type=\"column\">\r\n\t\t\t\t\t\t\t\t<div class=\"card-header\">\r\n\t\t\t\t\t\t<a href=\"17d2e02\" class=\"expand\">\r\n\t\t\t\t\t\t\t\t\t\t\t\t\t\t<span class=\"title\">Als ik vandaag bestel, wanneer heb ik de producten dan?<\/span>\r\n\t\t\t\t\t\t\t<span class=\"toggle-icon opened\"><i class=\"  d-icon-minus\"><\/i><\/span><span class=\"toggle-icon closed\"><i class=\"  d-icon-plus\"><\/i><\/span>\t\t\t\t\t\t<\/a>\r\n\t\t\t\t\t<\/div>\r\n\t\t\t\t\t\r\n\t\t\t\r\n\t\t\t\r\n\t\t\t<div id=\"17d2e02\" class=\"card-body collapsed elementor-widget-wrap elementor-element-populated\">\r\n\t\t\t\t\t\t\t\t<div class=\" elementor-element elementor-element-2bbdad6 elementor-widget elementor-widget-text-editor\" data-id=\"2bbdad6\" data-element_type=\"widget\" data-e-type=\"widget\" data-widget_type=\"text-editor.default\">\n\t\t\t\t<div class=\"elementor-widget-container\">\n\t\t\t\t\t\t\t\t\t<p>Les produits sont exp\u00e9di\u00e9s depuis le si\u00e8ge de Zaltbommel (Pays-Bas) via PostNL. Si vous commandez avant midi, vous recevrez en principe les produits le jour ouvrable suivant.<\/p><p>Vous recevrez toujours un code de suivi qui vous permettra de suivre votre envoi et, le cas \u00e9ch\u00e9ant, de le faire rediriger vers un point PostNL. V\u00e9rifiez toujours votre dossier SPAM pour ces courriers.<\/p>\t\t\t\t\t\t\t\t<\/div>\n\t\t\t\t<\/div>\n\t\t\r\n\t\t\r\n\t\t\t\t\t\t\t<\/div>\r\n\t\t\t\r\n\t\t<\/div>\r\n\t\t\t\t<div\t\t class=\" card elementor-column elementor-col-20 elementor-inner-column elementor-element elementor-element-66fb3ab\" data-id=\"66fb3ab\" data-element_type=\"column\" data-e-type=\"column\">\r\n\t\t\t\t\t\t\t\t<div class=\"card-header\">\r\n\t\t\t\t\t\t<a href=\"66fb3ab\" class=\"expand\">\r\n\t\t\t\t\t\t\t\t\t\t\t\t\t\t<span class=\"title\">Is er een minimale bestelwaarde?<\/span>\r\n\t\t\t\t\t\t\t<span class=\"toggle-icon opened\"><i class=\"  d-icon-minus\"><\/i><\/span><span class=\"toggle-icon closed\"><i class=\"  d-icon-plus\"><\/i><\/span>\t\t\t\t\t\t<\/a>\r\n\t\t\t\t\t<\/div>\r\n\t\t\t\t\t\r\n\t\t\t\r\n\t\t\t\r\n\t\t\t<div id=\"66fb3ab\" class=\"card-body collapsed elementor-widget-wrap elementor-element-populated\">\r\n\t\t\t\t\t\t\t\t<div class=\" elementor-element elementor-element-afc167c elementor-widget elementor-widget-text-editor\" data-id=\"afc167c\" data-element_type=\"widget\" data-e-type=\"widget\" data-widget_type=\"text-editor.default\">\n\t\t\t\t<div class=\"elementor-widget-container\">\n\t\t\t\t\t\t\t\t\t<p>Il n&rsquo;y a pas de montant minimum de commande.<\/p>\t\t\t\t\t\t\t\t<\/div>\n\t\t\t\t<\/div>\n\t\t\r\n\t\t\r\n\t\t\t\t\t\t\t<\/div>\r\n\t\t\t\r\n\t\t<\/div>\r\n\t\t\t\t<div\t\t class=\" card elementor-column elementor-col-20 elementor-inner-column elementor-element elementor-element-8b207d8\" data-id=\"8b207d8\" data-element_type=\"column\" data-e-type=\"column\">\r\n\t\t\t\t\t\t\t\t<div class=\"card-header\">\r\n\t\t\t\t\t\t<a href=\"8b207d8\" class=\"expand\">\r\n\t\t\t\t\t\t\t\t\t\t\t\t\t\t<span class=\"title\">Wanneer betaal ik geen verzendkosten?<\/span>\r\n\t\t\t\t\t\t\t<span class=\"toggle-icon opened\"><i class=\"  d-icon-minus\"><\/i><\/span><span class=\"toggle-icon closed\"><i class=\"  d-icon-plus\"><\/i><\/span>\t\t\t\t\t\t<\/a>\r\n\t\t\t\t\t<\/div>\r\n\t\t\t\t\t\r\n\t\t\t\r\n\t\t\t\r\n\t\t\t<div id=\"8b207d8\" class=\"card-body collapsed elementor-widget-wrap elementor-element-populated\">\r\n\t\t\t\t\t\t\t\t<div class=\" elementor-element elementor-element-2dd9fb8 elementor-widget elementor-widget-text-editor\" data-id=\"2dd9fb8\" data-element_type=\"widget\" data-e-type=\"widget\" data-widget_type=\"text-editor.default\">\n\t\t\t\t<div class=\"elementor-widget-container\">\n\t\t\t\t\t\t\t\t\t<p>Commande &gt; \u20ac50.00 &#8211; \u20ac13.50 frais de port<br \/>Commande \u20ac50.00 &#8211; \u20ac159.99 &#8211; \u20ac8.95 frais de port<br \/>\u00c0 partir de 160,00 \u20ac &#8211; frais de port gratuits<\/p>\t\t\t\t\t\t\t\t<\/div>\n\t\t\t\t<\/div>\n\t\t\r\n\t\t\r\n\t\t\t\t\t\t\t<\/div>\r\n\t\t\t\r\n\t\t<\/div>\r\n\t\t\t\t<div\t\t class=\" card elementor-column elementor-col-20 elementor-inner-column elementor-element elementor-element-f5124b4\" data-id=\"f5124b4\" data-element_type=\"column\" data-e-type=\"column\">\r\n\t\t\t\t\t\t\t\t<div class=\"card-header\">\r\n\t\t\t\t\t\t<a href=\"f5124b4\" class=\"expand\">\r\n\t\t\t\t\t\t\t\t\t\t\t\t\t\t<span class=\"title\">Wat als ik niet tevreden ben over de producten of mijn bestelling was beschadigd?<\/span>\r\n\t\t\t\t\t\t\t<span class=\"toggle-icon opened\"><i class=\"  d-icon-minus\"><\/i><\/span><span class=\"toggle-icon closed\"><i class=\"  d-icon-plus\"><\/i><\/span>\t\t\t\t\t\t<\/a>\r\n\t\t\t\t\t<\/div>\r\n\t\t\t\t\t\r\n\t\t\t\r\n\t\t\t\r\n\t\t\t<div id=\"f5124b4\" class=\"card-body collapsed elementor-widget-wrap elementor-element-populated\">\r\n\t\t\t\t\t\t\t\t<div class=\" elementor-element elementor-element-cae8286 elementor-widget elementor-widget-text-editor\" data-id=\"cae8286\" data-element_type=\"widget\" data-e-type=\"widget\" data-widget_type=\"text-editor.default\">\n\t\t\t\t<div class=\"elementor-widget-container\">\n\t\t\t\t\t\t\t\t\t<p class=\"p1\"><a href=\"https:\/\/sundar.be\/contact\/?lang=fr\">Contactez-nous<\/a> et nous veillerons \u00e0 ce que vos produits soient remplac\u00e9s, toujours gratuitement en cas de dommage. Joignez toujours une preuve sous forme de photo ou de vid\u00e9o \u00e0 votre demande.\u00a0<\/p>\t\t\t\t\t\t\t\t<\/div>\n\t\t\t\t<\/div>\n\t\t\r\n\t\t\r\n\t\t\t\t\t\t\t<\/div>\r\n\t\t\t\r\n\t\t<\/div>\r\n\t\t\t\t\t\t\t\t\t\t\t\t\t\t\t\t\t<\/div>\r\n\t\t\t\t\t\t<\/div>\r\n\t\t\r\n\t\t\r\n\t\t\t\t\t\t\t<\/div>\r\n\t\t\t\r\n\t\t<\/div>\r\n\t\t\t\t<div\t\t class=\" elementor-column elementor-col-50 elementor-top-column elementor-element elementor-element-3eefdbe\" data-id=\"3eefdbe\" data-element_type=\"column\" data-e-type=\"column\">\r\n\t\t\t\r\n\t\t\t\r\n\t\t\t\r\n\t\t\t<div class=\"elementor-widget-wrap elementor-element-populated\">\r\n\t\t\t\t\t\t\t\t<div class=\" elementor-element elementor-element-0f58ec2 mb-5  elementor-widget elementor-widget-heading\" data-id=\"0f58ec2\" data-element_type=\"widget\" data-e-type=\"widget\" data-widget_type=\"heading.default\">\n\t\t\t\t<div class=\"elementor-widget-container\">\n\t\t\t\t\t<h2 class=\"elementor-heading-title elementor-size-default\">G\u00e9n\u00e9ral<\/h2>\t\t\t\t<\/div>\n\t\t\t\t<\/div>\n\t\t\t\t\r\n\t\t<div\t\t class=\" elementor-section elementor-inner-section elementor-element elementor-element-4c93f0a elementor-section-boxed elementor-section-height-default elementor-section-height-default\" data-id=\"4c93f0a\" data-element_type=\"section\" data-e-type=\"section\">\r\n\t\t\r\n\t\t\t\t\t\t\t\t\t\t<div class=\"elementor-container elementor-column-gap-no accordion accordion-simple\" >\r\n\r\n\t\t\t\t\r\n\t\t\t\t\t\t\t\t\t\t\t\t\t\t<div\t\t class=\" card elementor-column elementor-col-33 elementor-inner-column elementor-element elementor-element-b6e7be2\" data-id=\"b6e7be2\" data-element_type=\"column\" data-e-type=\"column\">\r\n\t\t\t\t\t\t\t\t<div class=\"card-header\">\r\n\t\t\t\t\t\t<a href=\"b6e7be2\" class=\"collapse\">\r\n\t\t\t\t\t\t\t\t\t\t\t\t\t\t<span class=\"title\">Hoe kan je me inschrijven voor een opleiding?<\/span>\r\n\t\t\t\t\t\t\t<span class=\"toggle-icon opened\"><i class=\"  d-icon-minus\"><\/i><\/span><span class=\"toggle-icon closed\"><i class=\"  d-icon-plus\"><\/i><\/span>\t\t\t\t\t\t<\/a>\r\n\t\t\t\t\t<\/div>\r\n\t\t\t\t\t\r\n\t\t\t\r\n\t\t\t\r\n\t\t\t<div id=\"b6e7be2\" class=\"card-body expanded elementor-widget-wrap elementor-element-populated\">\r\n\t\t\t\t\t\t\t\t<div class=\" elementor-element elementor-element-dacdba4 elementor-widget elementor-widget-text-editor\" data-id=\"dacdba4\" data-element_type=\"widget\" data-e-type=\"widget\" data-widget_type=\"text-editor.default\">\n\t\t\t\t<div class=\"elementor-widget-container\">\n\t\t\t\t\t\t\t\t\t<p class=\"p1\">Contactez-nous par courriel (<a href=\"mailto:hannah@sundar.be\"><span class=\"s1\">hannah.graus@sundar.be<\/span><\/a>) ou par t\u00e9l\u00e9phone au <a href=\"tel:+32472223942\">+32 472 22 39 42<\/a> pour plus d&rsquo;informations sur les possibilit\u00e9s de formation, les dates et les prix.<\/p>\t\t\t\t\t\t\t\t<\/div>\n\t\t\t\t<\/div>\n\t\t\r\n\t\t\r\n\t\t\t\t\t\t\t<\/div>\r\n\t\t\t\r\n\t\t<\/div>\r\n\t\t\t\t<div\t\t class=\" card elementor-column elementor-col-33 elementor-inner-column elementor-element elementor-element-c8f8c14\" data-id=\"c8f8c14\" data-element_type=\"column\" data-e-type=\"column\">\r\n\t\t\t\t\t\t\t\t<div class=\"card-header\">\r\n\t\t\t\t\t\t<a href=\"c8f8c14\" class=\"expand\">\r\n\t\t\t\t\t\t\t\t\t\t\t\t\t\t<span class=\"title\">Waarvoor kan ik bij jullie allemaal terecht?<\/span>\r\n\t\t\t\t\t\t\t<span class=\"toggle-icon opened\"><i class=\"  d-icon-minus\"><\/i><\/span><span class=\"toggle-icon closed\"><i class=\"  d-icon-plus\"><\/i><\/span>\t\t\t\t\t\t<\/a>\r\n\t\t\t\t\t<\/div>\r\n\t\t\t\t\t\r\n\t\t\t\r\n\t\t\t\r\n\t\t\t<div id=\"c8f8c14\" class=\"card-body collapsed elementor-widget-wrap elementor-element-populated\">\r\n\t\t\t\t\t\t\t\t<div class=\" elementor-element elementor-element-730e18c elementor-widget elementor-widget-text-editor\" data-id=\"730e18c\" data-element_type=\"widget\" data-e-type=\"widget\" data-widget_type=\"text-editor.default\">\n\t\t\t\t<div class=\"elementor-widget-container\">\n\t\t\t\t\t\t\t\t\t<p class=\"p1\">Vous pouvez vous adresser \u00e0 nous pour des formations et des conseils, pour toutes vos questions sur les produits LCN et Monteil et pour acheter des produits LCN et Monteil via le webshop.<\/p>\n\t\t\t\t\t\t\t\t<\/div>\n\t\t\t\t<\/div>\n\t\t\r\n\t\t\r\n\t\t\t\t\t\t\t<\/div>\r\n\t\t\t\r\n\t\t<\/div>\r\n\t\t\t\t<div\t\t class=\" card elementor-column elementor-col-33 elementor-inner-column elementor-element elementor-element-7c6c058\" data-id=\"7c6c058\" data-element_type=\"column\" data-e-type=\"column\">\r\n\t\t\t\t\t\t\t\t<div class=\"card-header\">\r\n\t\t\t\t\t\t<a href=\"7c6c058\" class=\"expand\">\r\n\t\t\t\t\t\t\t\t\t\t\t\t\t\t<span class=\"title\">Waar kan ik de nieuwe collectie bezichtigen?<\/span>\r\n\t\t\t\t\t\t\t<span class=\"toggle-icon opened\"><i class=\"  d-icon-minus\"><\/i><\/span><span class=\"toggle-icon closed\"><i class=\"  d-icon-plus\"><\/i><\/span>\t\t\t\t\t\t<\/a>\r\n\t\t\t\t\t<\/div>\r\n\t\t\t\t\t\r\n\t\t\t\r\n\t\t\t\r\n\t\t\t<div id=\"7c6c058\" class=\"card-body collapsed elementor-widget-wrap elementor-element-populated\">\r\n\t\t\t\t\t\t\t\t<div class=\" elementor-element elementor-element-cc2f098 elementor-widget elementor-widget-text-editor\" data-id=\"cc2f098\" data-element_type=\"widget\" data-e-type=\"widget\" data-widget_type=\"text-editor.default\">\n\t\t\t\t<div class=\"elementor-widget-container\">\n\t\t\t\t\t\t\t\t\t<p class=\"p1\">Vous pouvez toujours les trouver <a href=\"https:\/\/sundar.be\/winkel\/\">en ligne.<\/a> Si vous pr\u00e9f\u00e9rez les voir en personne, <a href=\"https:\/\/sundar.be\/contact\/?lang=fr\">contactez-nous<\/a> pour prendre rendez-vous.<\/p>\n\t\t\t\t\t\t\t\t<\/div>\n\t\t\t\t<\/div>\n\t\t\r\n\t\t\r\n\t\t\t\t\t\t\t<\/div>\r\n\t\t\t\r\n\t\t<\/div>\r\n\t\t\t\t\t\t\t\t\t\t\t\t\t\t\t\t\t<\/div>\r\n\t\t\t\t\t\t<\/div>\r\n\t\t\r\n\t\t\r\n\t\t\t\t\t\t\t<\/div>\r\n\t\t\t\r\n\t\t<\/div>\r\n\t\t\t\t\t\t\t\t\t\t\t\t\t\t\t\t\t<\/div>\r\n\t\t\t\t\t\t<\/div>\r\n\t\t\t\t<\/div>\n\t\t","protected":false},"excerpt":{"rendered":"<p>QUESTIONS FR\u00c9QUEMMENT POS\u00c9ES Service \u00e0 la client\u00e8le Commande, paiement et exp\u00e9dition La boutique en ligne n&rsquo;accepte pas actuellement les options de paiement par bancontact. Apr\u00e8s avoir pass\u00e9 une commande, vous recevrez un e-mail de confirmation d\u00e8s que la commande aura \u00e9t\u00e9 trait\u00e9e. Lorsque la commande est exp\u00e9di\u00e9e, vous recevez une facture que vous devez payer [&hellip;]<\/p>\n","protected":false},"author":357,"featured_media":0,"parent":0,"menu_order":0,"comment_status":"closed","ping_status":"closed","template":"","meta":{"_acf_changed":false,"footnotes":""},"class_list":["post-17681","page","type-page","status-publish","hentry"],"acf":[],"_links":{"self":[{"href":"https:\/\/sundar.be\/fr\/wp-json\/wp\/v2\/pages\/17681","targetHints":{"allow":["GET"]}}],"collection":[{"href":"https:\/\/sundar.be\/fr\/wp-json\/wp\/v2\/pages"}],"about":[{"href":"https:\/\/sundar.be\/fr\/wp-json\/wp\/v2\/types\/page"}],"author":[{"embeddable":true,"href":"https:\/\/sundar.be\/fr\/wp-json\/wp\/v2\/users\/357"}],"replies":[{"embeddable":true,"href":"https:\/\/sundar.be\/fr\/wp-json\/wp\/v2\/comments?post=17681"}],"version-history":[{"count":0,"href":"https:\/\/sundar.be\/fr\/wp-json\/wp\/v2\/pages\/17681\/revisions"}],"wp:attachment":[{"href":"https:\/\/sundar.be\/fr\/wp-json\/wp\/v2\/media?parent=17681"}],"curies":[{"name":"wp","href":"https:\/\/api.w.org\/{rel}","templated":true}]}}